{"id":1311,"date":"2019-08-31T14:00:24","date_gmt":"2019-08-31T14:00:24","guid":{"rendered":"http:\/\/yoruk-legal.local\/plaza-shopping-center-and-complex-management\/"},"modified":"2024-10-22T13:28:25","modified_gmt":"2024-10-22T13:28:25","slug":"plaza-shopping-center-and-complex-management","status":"publish","type":"page","link":"https:\/\/www.yoruk.legal\/en\/plaza-shopping-center-and-complex-management\/","title":{"rendered":"Plaza, Shopping Center and Complex Management"},"content":{"rendered":"\n<h1>Plaza, Shopping Center and Complex Management<\/h1>\n\n<p>As Y\u00f6r\u00fck Law Office, we provide professional management services especially for plazas and housing estates. In collective living spaces, which is one of the requirements of the globalizing world, many living spaces must be professionally managed for the comfort of individuals. At this point, we offer fast and practical solutions to the needs of our clients in this regard, in order to ensure that the management must be governed by legal norms for a true professional understanding. In particular, we provide services in the preparation of maintenance, repair and service contracts, preparation and revision of lease and tertiary service contracts, legal support in terms of labor law, and disputes with contractors.   <\/p>\n","protected":false},"excerpt":{"rendered":"<div class=\"entry-summary\">\n<div class=\"entry-summary\">\nPlaza, Shopping Center and Complex Management As Y\u00f6r\u00fck Law Office, we provide&hellip;\n<\/div>\n<div class=\"link-more\"><a href=\"https:\/\/www.yoruk.legal\/en\/plaza-shopping-center-and-complex-management\/\" class=\"more-link\">Continue reading<span class=\"screen-reader-text\"> &ldquo;Plaza, Shopping Center and Complex Management&rdquo;<\/span>&hellip;<\/a><\/div>\n<\/div>\n<div class=\"link-more\"><a href=\"https:\/\/www.yoruk.legal\/en\/plaza-shopping-center-and-complex-management\/\" class=\"more-link\">Continue reading<span class=\"screen-reader-text\"> &ldquo;Plaza, Shopping Center and Complex Management&rdquo;<\/span>&hellip;<\/a><\/div>\n","protected":false},"author":1,"featured_media":0,"parent":0,"menu_order":0,"comment_status":"closed","ping_status":"closed","template":"","meta":{"footnotes":""},"class_list":["post-1311","page","type-page","status-publish","hentry","entry"],"yoast_head":"<!-- This site is optimized with the Yoast SEO plugin v27.4 - https:\/\/yoast.com\/product\/yoast-seo-wordpress\/ -->\n<title>Plaza, Shopping Center and Complex Management - Y\u00f6r\u00fck Hukuk B\u00fcrosu<\/title>\n<meta name=\"description\" content=\"In collective living spaces, which is one of the requirements of the globalizing world, many living spaces must be professionally managed for the comfort of individuals.\" \/>\n<meta name=\"robots\" content=\"index, follow, max-snippet:-1, max-image-preview:large, max-video-preview:-1\" \/>\n<link rel=\"canonical\" href=\"https:\/\/www.yoruk.legal\/en\/plaza-shopping-center-and-complex-management\/\" \/>\n<meta property=\"og:locale\" content=\"en_US\" \/>\n<meta property=\"og:type\" content=\"article\" \/>\n<meta property=\"og:title\" content=\"Plaza, Shopping Center and Complex Management - Y\u00f6r\u00fck Hukuk B\u00fcrosu\" \/>\n<meta property=\"og:description\" content=\"In collective living spaces, which is one of the requirements of the globalizing world, many living spaces must be professionally managed for the comfort of individuals.\" \/>\n<meta property=\"og:url\" content=\"https:\/\/www.yoruk.legal\/en\/plaza-shopping-center-and-complex-management\/\" \/>\n<meta property=\"og:site_name\" content=\"Y\u00f6r\u00fck Hukuk B\u00fcrosu\" \/>\n<meta property=\"article:modified_time\" content=\"2024-10-22T13:28:25+00:00\" \/>\n<meta name=\"twitter:card\" content=\"summary_large_image\" \/>\n<meta name=\"twitter:label1\" content=\"Est. reading time\" \/>\n\t<meta name=\"twitter:data1\" content=\"1 minute\" \/>\n<script type=\"application\/ld+json\" class=\"yoast-schema-graph\">{\"@context\":\"https:\\\/\\\/schema.org\",\"@graph\":[{\"@type\":\"WebPage\",\"@id\":\"https:\\\/\\\/www.yoruk.legal\\\/en\\\/plaza-shopping-center-and-complex-management\\\/\",\"url\":\"https:\\\/\\\/www.yoruk.legal\\\/en\\\/plaza-shopping-center-and-complex-management\\\/\",\"name\":\"Plaza, Shopping Center and Complex Management - Y\u00f6r\u00fck Hukuk B\u00fcrosu\",\"isPartOf\":{\"@id\":\"https:\\\/\\\/www.yoruk.legal\\\/en\\\/#website\"},\"datePublished\":\"2019-08-31T14:00:24+00:00\",\"dateModified\":\"2024-10-22T13:28:25+00:00\",\"description\":\"In collective living spaces, which is one of the requirements of the globalizing world, many living spaces must be professionally managed for the comfort of individuals.\",\"breadcrumb\":{\"@id\":\"https:\\\/\\\/www.yoruk.legal\\\/en\\\/plaza-shopping-center-and-complex-management\\\/#breadcrumb\"},\"inLanguage\":\"en-US\",\"potentialAction\":[{\"@type\":\"ReadAction\",\"target\":[\"https:\\\/\\\/www.yoruk.legal\\\/en\\\/plaza-shopping-center-and-complex-management\\\/\"]}]},{\"@type\":\"BreadcrumbList\",\"@id\":\"https:\\\/\\\/www.yoruk.legal\\\/en\\\/plaza-shopping-center-and-complex-management\\\/#breadcrumb\",\"itemListElement\":[{\"@type\":\"ListItem\",\"position\":1,\"name\":\"Anasayfa\",\"item\":\"https:\\\/\\\/www.yoruk.legal\\\/en\\\/\"},{\"@type\":\"ListItem\",\"position\":2,\"name\":\"Plaza, Shopping Center and Complex Management\"}]},{\"@type\":\"WebSite\",\"@id\":\"https:\\\/\\\/www.yoruk.legal\\\/en\\\/#website\",\"url\":\"https:\\\/\\\/www.yoruk.legal\\\/en\\\/\",\"name\":\"Y\u00f6r\u00fck Hukuk B\u00fcrosu\",\"description\":\"Y\u00f6r\u00fck Hukuk B\u00fcrosu\",\"publisher\":{\"@id\":\"https:\\\/\\\/www.yoruk.legal\\\/en\\\/#organization\"},\"potentialAction\":[{\"@type\":\"SearchAction\",\"target\":{\"@type\":\"EntryPoint\",\"urlTemplate\":\"https:\\\/\\\/www.yoruk.legal\\\/en\\\/?s={search_term_string}\"},\"query-input\":{\"@type\":\"PropertyValueSpecification\",\"valueRequired\":true,\"valueName\":\"search_term_string\"}}],\"inLanguage\":\"en-US\"},{\"@type\":\"Organization\",\"@id\":\"https:\\\/\\\/www.yoruk.legal\\\/en\\\/#organization\",\"name\":\"Y\u00f6r\u00fck Hukuk B\u00fcrosu\",\"url\":\"https:\\\/\\\/www.yoruk.legal\\\/en\\\/\",\"logo\":{\"@type\":\"ImageObject\",\"inLanguage\":\"en-US\",\"@id\":\"https:\\\/\\\/www.yoruk.legal\\\/en\\\/#\\\/schema\\\/logo\\\/image\\\/\",\"url\":\"https:\\\/\\\/www.yoruk.legal\\\/wp-content\\\/uploads\\\/2019\\\/08\\\/logo.png\",\"contentUrl\":\"https:\\\/\\\/www.yoruk.legal\\\/wp-content\\\/uploads\\\/2019\\\/08\\\/logo.png\",\"width\":1966,\"height\":968,\"caption\":\"Y\u00f6r\u00fck Hukuk B\u00fcrosu\"},\"image\":{\"@id\":\"https:\\\/\\\/www.yoruk.legal\\\/en\\\/#\\\/schema\\\/logo\\\/image\\\/\"}}]}<\/script>\n<!-- \/ Yoast SEO plugin. -->","yoast_head_json":{"title":"Plaza, Shopping Center and Complex Management - Y\u00f6r\u00fck Hukuk B\u00fcrosu","description":"In collective living spaces, which is one of the requirements of the globalizing world, many living spaces must be professionally managed for the comfort of individuals.","robots":{"index":"index","follow":"follow","max-snippet":"max-snippet:-1","max-image-preview":"max-image-preview:large","max-video-preview":"max-video-preview:-1"},"canonical":"https:\/\/www.yoruk.legal\/en\/plaza-shopping-center-and-complex-management\/","og_locale":"en_US","og_type":"article","og_title":"Plaza, Shopping Center and Complex Management - Y\u00f6r\u00fck Hukuk B\u00fcrosu","og_description":"In collective living spaces, which is one of the requirements of the globalizing world, many living spaces must be professionally managed for the comfort of individuals.","og_url":"https:\/\/www.yoruk.legal\/en\/plaza-shopping-center-and-complex-management\/","og_site_name":"Y\u00f6r\u00fck Hukuk B\u00fcrosu","article_modified_time":"2024-10-22T13:28:25+00:00","twitter_card":"summary_large_image","twitter_misc":{"Est. reading time":"1 minute"},"schema":{"@context":"https:\/\/schema.org","@graph":[{"@type":"WebPage","@id":"https:\/\/www.yoruk.legal\/en\/plaza-shopping-center-and-complex-management\/","url":"https:\/\/www.yoruk.legal\/en\/plaza-shopping-center-and-complex-management\/","name":"Plaza, Shopping Center and Complex Management - Y\u00f6r\u00fck Hukuk B\u00fcrosu","isPartOf":{"@id":"https:\/\/www.yoruk.legal\/en\/#website"},"datePublished":"2019-08-31T14:00:24+00:00","dateModified":"2024-10-22T13:28:25+00:00","description":"In collective living spaces, which is one of the requirements of the globalizing world, many living spaces must be professionally managed for the comfort of individuals.","breadcrumb":{"@id":"https:\/\/www.yoruk.legal\/en\/plaza-shopping-center-and-complex-management\/#breadcrumb"},"inLanguage":"en-US","potentialAction":[{"@type":"ReadAction","target":["https:\/\/www.yoruk.legal\/en\/plaza-shopping-center-and-complex-management\/"]}]},{"@type":"BreadcrumbList","@id":"https:\/\/www.yoruk.legal\/en\/plaza-shopping-center-and-complex-management\/#breadcrumb","itemListElement":[{"@type":"ListItem","position":1,"name":"Anasayfa","item":"https:\/\/www.yoruk.legal\/en\/"},{"@type":"ListItem","position":2,"name":"Plaza, Shopping Center and Complex Management"}]},{"@type":"WebSite","@id":"https:\/\/www.yoruk.legal\/en\/#website","url":"https:\/\/www.yoruk.legal\/en\/","name":"Y\u00f6r\u00fck Hukuk B\u00fcrosu","description":"Y\u00f6r\u00fck Hukuk B\u00fcrosu","publisher":{"@id":"https:\/\/www.yoruk.legal\/en\/#organization"},"potentialAction":[{"@type":"SearchAction","target":{"@type":"EntryPoint","urlTemplate":"https:\/\/www.yoruk.legal\/en\/?s={search_term_string}"},"query-input":{"@type":"PropertyValueSpecification","valueRequired":true,"valueName":"search_term_string"}}],"inLanguage":"en-US"},{"@type":"Organization","@id":"https:\/\/www.yoruk.legal\/en\/#organization","name":"Y\u00f6r\u00fck Hukuk B\u00fcrosu","url":"https:\/\/www.yoruk.legal\/en\/","logo":{"@type":"ImageObject","inLanguage":"en-US","@id":"https:\/\/www.yoruk.legal\/en\/#\/schema\/logo\/image\/","url":"https:\/\/www.yoruk.legal\/wp-content\/uploads\/2019\/08\/logo.png","contentUrl":"https:\/\/www.yoruk.legal\/wp-content\/uploads\/2019\/08\/logo.png","width":1966,"height":968,"caption":"Y\u00f6r\u00fck Hukuk B\u00fcrosu"},"image":{"@id":"https:\/\/www.yoruk.legal\/en\/#\/schema\/logo\/image\/"}}]}},"_links":{"self":[{"href":"https:\/\/www.yoruk.legal\/en\/wp-json\/wp\/v2\/pages\/1311","targetHints":{"allow":["GET"]}}],"collection":[{"href":"https:\/\/www.yoruk.legal\/en\/wp-json\/wp\/v2\/pages"}],"about":[{"href":"https:\/\/www.yoruk.legal\/en\/wp-json\/wp\/v2\/types\/page"}],"author":[{"embeddable":true,"href":"https:\/\/www.yoruk.legal\/en\/wp-json\/wp\/v2\/users\/1"}],"replies":[{"embeddable":true,"href":"https:\/\/www.yoruk.legal\/en\/wp-json\/wp\/v2\/comments?post=1311"}],"version-history":[{"count":1,"href":"https:\/\/www.yoruk.legal\/en\/wp-json\/wp\/v2\/pages\/1311\/revisions"}],"predecessor-version":[{"id":1312,"href":"https:\/\/www.yoruk.legal\/en\/wp-json\/wp\/v2\/pages\/1311\/revisions\/1312"}],"wp:attachment":[{"href":"https:\/\/www.yoruk.legal\/en\/wp-json\/wp\/v2\/media?parent=1311"}],"curies":[{"name":"wp","href":"https:\/\/api.w.org\/{rel}","templated":true}]}}