{"id":1305,"date":"2015-03-03T10:40:28","date_gmt":"2015-03-03T10:40:28","guid":{"rendered":"http:\/\/yoruk-legal.local\/social-responsibility-and-society\/"},"modified":"2024-10-22T13:29:16","modified_gmt":"2024-10-22T13:29:16","slug":"social-responsibility-and-society","status":"publish","type":"page","link":"https:\/\/www.yoruk.legal\/en\/social-responsibility-and-society\/","title":{"rendered":"Social Responsibility and Society"},"content":{"rendered":"\n<h1 class=\"wp-block-heading\">SOCIAL RESPONSIBILITY AND SOCIETY<\/h1>\n\n<p>As Y\u00f6r\u00fck Law Office, we are aware of our social responsibilities. At this point, we are aware that all individuals in society have the right to defense and we provide legal services to those who seek rights. We are happy to offer our moral responsibilities to disadvantaged people who struggle for justice and rights.  <\/p>\n","protected":false},"excerpt":{"rendered":"<div class=\"entry-summary\">\n<div class=\"entry-summary\">\nSOCIAL RESPONSIBILITY AND SOCIETY As Y\u00f6r\u00fck Law Office, we are aware of&hellip;\n<\/div>\n<div class=\"link-more\"><a href=\"https:\/\/www.yoruk.legal\/en\/social-responsibility-and-society\/\" class=\"more-link\">Continue reading<span class=\"screen-reader-text\"> &ldquo;Social Responsibility and Society&rdquo;<\/span>&hellip;<\/a><\/div>\n<\/div>\n<div class=\"link-more\"><a href=\"https:\/\/www.yoruk.legal\/en\/social-responsibility-and-society\/\" class=\"more-link\">Continue reading<span class=\"screen-reader-text\"> &ldquo;Social Responsibility and Society&rdquo;<\/span>&hellip;<\/a><\/div>\n","protected":false},"author":1,"featured_media":0,"parent":0,"menu_order":0,"comment_status":"closed","ping_status":"closed","template":"","meta":{"footnotes":""},"class_list":["post-1305","page","type-page","status-publish","hentry","entry"],"yoast_head":"<!-- This site is optimized with the Yoast SEO plugin v27.4 - https:\/\/yoast.com\/product\/yoast-seo-wordpress\/ -->\n<title>Social Responsibility and Society - Y\u00f6r\u00fck Hukuk B\u00fcrosu<\/title>\n<meta name=\"description\" content=\"Aware that all individuals in society have the right to defense, we provide legal services to those who seek their rights.\" \/>\n<meta name=\"robots\" content=\"index, follow, max-snippet:-1, max-image-preview:large, max-video-preview:-1\" \/>\n<link rel=\"canonical\" href=\"https:\/\/www.yoruk.legal\/en\/social-responsibility-and-society\/\" \/>\n<meta property=\"og:locale\" content=\"en_US\" \/>\n<meta property=\"og:type\" content=\"article\" \/>\n<meta property=\"og:title\" content=\"Social Responsibility and Society - Y\u00f6r\u00fck Hukuk B\u00fcrosu\" \/>\n<meta property=\"og:description\" content=\"Aware that all individuals in society have the right to defense, we provide legal services to those who seek their rights.\" \/>\n<meta property=\"og:url\" content=\"https:\/\/www.yoruk.legal\/en\/social-responsibility-and-society\/\" \/>\n<meta property=\"og:site_name\" content=\"Y\u00f6r\u00fck Hukuk B\u00fcrosu\" \/>\n<meta property=\"article:modified_time\" content=\"2024-10-22T13:29:16+00:00\" \/>\n<meta name=\"twitter:card\" content=\"summary_large_image\" \/>\n<meta name=\"twitter:label1\" content=\"Est. reading time\" \/>\n\t<meta name=\"twitter:data1\" content=\"1 minute\" \/>\n<script type=\"application\/ld+json\" class=\"yoast-schema-graph\">{\"@context\":\"https:\\\/\\\/schema.org\",\"@graph\":[{\"@type\":\"WebPage\",\"@id\":\"https:\\\/\\\/www.yoruk.legal\\\/en\\\/social-responsibility-and-society\\\/\",\"url\":\"https:\\\/\\\/www.yoruk.legal\\\/en\\\/social-responsibility-and-society\\\/\",\"name\":\"Social Responsibility and Society - Y\u00f6r\u00fck Hukuk B\u00fcrosu\",\"isPartOf\":{\"@id\":\"https:\\\/\\\/www.yoruk.legal\\\/en\\\/#website\"},\"datePublished\":\"2015-03-03T10:40:28+00:00\",\"dateModified\":\"2024-10-22T13:29:16+00:00\",\"description\":\"Aware that all individuals in society have the right to defense, we provide legal services to those who seek their rights.\",\"breadcrumb\":{\"@id\":\"https:\\\/\\\/www.yoruk.legal\\\/en\\\/social-responsibility-and-society\\\/#breadcrumb\"},\"inLanguage\":\"en-US\",\"potentialAction\":[{\"@type\":\"ReadAction\",\"target\":[\"https:\\\/\\\/www.yoruk.legal\\\/en\\\/social-responsibility-and-society\\\/\"]}]},{\"@type\":\"BreadcrumbList\",\"@id\":\"https:\\\/\\\/www.yoruk.legal\\\/en\\\/social-responsibility-and-society\\\/#breadcrumb\",\"itemListElement\":[{\"@type\":\"ListItem\",\"position\":1,\"name\":\"Anasayfa\",\"item\":\"https:\\\/\\\/www.yoruk.legal\\\/en\\\/\"},{\"@type\":\"ListItem\",\"position\":2,\"name\":\"Social Responsibility and Society\"}]},{\"@type\":\"WebSite\",\"@id\":\"https:\\\/\\\/www.yoruk.legal\\\/en\\\/#website\",\"url\":\"https:\\\/\\\/www.yoruk.legal\\\/en\\\/\",\"name\":\"Y\u00f6r\u00fck Hukuk B\u00fcrosu\",\"description\":\"Y\u00f6r\u00fck Hukuk B\u00fcrosu\",\"publisher\":{\"@id\":\"https:\\\/\\\/www.yoruk.legal\\\/en\\\/#organization\"},\"potentialAction\":[{\"@type\":\"SearchAction\",\"target\":{\"@type\":\"EntryPoint\",\"urlTemplate\":\"https:\\\/\\\/www.yoruk.legal\\\/en\\\/?s={search_term_string}\"},\"query-input\":{\"@type\":\"PropertyValueSpecification\",\"valueRequired\":true,\"valueName\":\"search_term_string\"}}],\"inLanguage\":\"en-US\"},{\"@type\":\"Organization\",\"@id\":\"https:\\\/\\\/www.yoruk.legal\\\/en\\\/#organization\",\"name\":\"Y\u00f6r\u00fck Hukuk B\u00fcrosu\",\"url\":\"https:\\\/\\\/www.yoruk.legal\\\/en\\\/\",\"logo\":{\"@type\":\"ImageObject\",\"inLanguage\":\"en-US\",\"@id\":\"https:\\\/\\\/www.yoruk.legal\\\/en\\\/#\\\/schema\\\/logo\\\/image\\\/\",\"url\":\"https:\\\/\\\/www.yoruk.legal\\\/wp-content\\\/uploads\\\/2019\\\/08\\\/logo.png\",\"contentUrl\":\"https:\\\/\\\/www.yoruk.legal\\\/wp-content\\\/uploads\\\/2019\\\/08\\\/logo.png\",\"width\":1966,\"height\":968,\"caption\":\"Y\u00f6r\u00fck Hukuk B\u00fcrosu\"},\"image\":{\"@id\":\"https:\\\/\\\/www.yoruk.legal\\\/en\\\/#\\\/schema\\\/logo\\\/image\\\/\"}}]}<\/script>\n<!-- \/ Yoast SEO plugin. -->","yoast_head_json":{"title":"Social Responsibility and Society - Y\u00f6r\u00fck Hukuk B\u00fcrosu","description":"Aware that all individuals in society have the right to defense, we provide legal services to those who seek their rights.","robots":{"index":"index","follow":"follow","max-snippet":"max-snippet:-1","max-image-preview":"max-image-preview:large","max-video-preview":"max-video-preview:-1"},"canonical":"https:\/\/www.yoruk.legal\/en\/social-responsibility-and-society\/","og_locale":"en_US","og_type":"article","og_title":"Social Responsibility and Society - Y\u00f6r\u00fck Hukuk B\u00fcrosu","og_description":"Aware that all individuals in society have the right to defense, we provide legal services to those who seek their rights.","og_url":"https:\/\/www.yoruk.legal\/en\/social-responsibility-and-society\/","og_site_name":"Y\u00f6r\u00fck Hukuk B\u00fcrosu","article_modified_time":"2024-10-22T13:29:16+00:00","twitter_card":"summary_large_image","twitter_misc":{"Est. reading time":"1 minute"},"schema":{"@context":"https:\/\/schema.org","@graph":[{"@type":"WebPage","@id":"https:\/\/www.yoruk.legal\/en\/social-responsibility-and-society\/","url":"https:\/\/www.yoruk.legal\/en\/social-responsibility-and-society\/","name":"Social Responsibility and Society - Y\u00f6r\u00fck Hukuk B\u00fcrosu","isPartOf":{"@id":"https:\/\/www.yoruk.legal\/en\/#website"},"datePublished":"2015-03-03T10:40:28+00:00","dateModified":"2024-10-22T13:29:16+00:00","description":"Aware that all individuals in society have the right to defense, we provide legal services to those who seek their rights.","breadcrumb":{"@id":"https:\/\/www.yoruk.legal\/en\/social-responsibility-and-society\/#breadcrumb"},"inLanguage":"en-US","potentialAction":[{"@type":"ReadAction","target":["https:\/\/www.yoruk.legal\/en\/social-responsibility-and-society\/"]}]},{"@type":"BreadcrumbList","@id":"https:\/\/www.yoruk.legal\/en\/social-responsibility-and-society\/#breadcrumb","itemListElement":[{"@type":"ListItem","position":1,"name":"Anasayfa","item":"https:\/\/www.yoruk.legal\/en\/"},{"@type":"ListItem","position":2,"name":"Social Responsibility and Society"}]},{"@type":"WebSite","@id":"https:\/\/www.yoruk.legal\/en\/#website","url":"https:\/\/www.yoruk.legal\/en\/","name":"Y\u00f6r\u00fck Hukuk B\u00fcrosu","description":"Y\u00f6r\u00fck Hukuk B\u00fcrosu","publisher":{"@id":"https:\/\/www.yoruk.legal\/en\/#organization"},"potentialAction":[{"@type":"SearchAction","target":{"@type":"EntryPoint","urlTemplate":"https:\/\/www.yoruk.legal\/en\/?s={search_term_string}"},"query-input":{"@type":"PropertyValueSpecification","valueRequired":true,"valueName":"search_term_string"}}],"inLanguage":"en-US"},{"@type":"Organization","@id":"https:\/\/www.yoruk.legal\/en\/#organization","name":"Y\u00f6r\u00fck Hukuk B\u00fcrosu","url":"https:\/\/www.yoruk.legal\/en\/","logo":{"@type":"ImageObject","inLanguage":"en-US","@id":"https:\/\/www.yoruk.legal\/en\/#\/schema\/logo\/image\/","url":"https:\/\/www.yoruk.legal\/wp-content\/uploads\/2019\/08\/logo.png","contentUrl":"https:\/\/www.yoruk.legal\/wp-content\/uploads\/2019\/08\/logo.png","width":1966,"height":968,"caption":"Y\u00f6r\u00fck Hukuk B\u00fcrosu"},"image":{"@id":"https:\/\/www.yoruk.legal\/en\/#\/schema\/logo\/image\/"}}]}},"_links":{"self":[{"href":"https:\/\/www.yoruk.legal\/en\/wp-json\/wp\/v2\/pages\/1305","targetHints":{"allow":["GET"]}}],"collection":[{"href":"https:\/\/www.yoruk.legal\/en\/wp-json\/wp\/v2\/pages"}],"about":[{"href":"https:\/\/www.yoruk.legal\/en\/wp-json\/wp\/v2\/types\/page"}],"author":[{"embeddable":true,"href":"https:\/\/www.yoruk.legal\/en\/wp-json\/wp\/v2\/users\/1"}],"replies":[{"embeddable":true,"href":"https:\/\/www.yoruk.legal\/en\/wp-json\/wp\/v2\/comments?post=1305"}],"version-history":[{"count":1,"href":"https:\/\/www.yoruk.legal\/en\/wp-json\/wp\/v2\/pages\/1305\/revisions"}],"predecessor-version":[{"id":1306,"href":"https:\/\/www.yoruk.legal\/en\/wp-json\/wp\/v2\/pages\/1305\/revisions\/1306"}],"wp:attachment":[{"href":"https:\/\/www.yoruk.legal\/en\/wp-json\/wp\/v2\/media?parent=1305"}],"curies":[{"name":"wp","href":"https:\/\/api.w.org\/{rel}","templated":true}]}}