{"id":1302,"date":"2019-08-31T13:07:42","date_gmt":"2019-08-31T13:07:42","guid":{"rendered":"http:\/\/yoruk-legal.local\/corporate-law-and-corporate-governance\/"},"modified":"2024-10-22T13:23:26","modified_gmt":"2024-10-22T13:23:26","slug":"corporate-law-and-corporate-governance","status":"publish","type":"page","link":"https:\/\/www.yoruk.legal\/en\/corporate-law-and-corporate-governance\/","title":{"rendered":"Corporate Law and Corporate Governance"},"content":{"rendered":"\n<h1 class=\"wp-block-heading\">Corporate Law and Corporate Governance<\/h1>\n\n<p>Our competence in Commercial Law, Corporate Law and Corporate Governance is to ensure that the entire legal process continues under control by providing consultancy services for the establishment of joint stock companies, limited liability companies, branches and liaison offices established in Turkey, as well as providing consultancy services for board meetings, conducting ordinary and extraordinary general assembly meetings, evaluating capital increase and decrease processes in terms of both corporate law and tax law.<\/p>\n\n<p>Amendment of the articles of association of companies in order to comply with the Turkish Commercial Code and to reflect agreements between different shareholder groups, intra-group restructuring, spin-off, merger, conversion, liquidation, asset and share transfers, structuring of boards of directors and limitation of authority among board members, and keeping company records.<\/p>\n\n<p>Our services include the resolution of commercial disputes in different areas such as agency, distributorship, unfair competition, purchase and sale agreements, determination, collection and enforcement of large receivables, bankruptcy, product liability, consumer protection, insurance and reinsurance, transportation, import and export issues, anti-dumping.<\/p>\n\n<p>Our services for the resolution of administrative law disputes include applications and lawsuits for the annulment of regulations, decrees, communiqu\u00e9s, decisions and individual actions and administrative penalties against all kinds of administrative units and authorities, including the Competition Authority, Capital Markets Board and RT\u00dcK.<\/p>\n\n<p>Commercial Law, Corporate Law and Corporate Governance services:<\/p>\n\n<p>&#8211; Company Formation<\/p>\n\n<p>&#8211; Appointment of managers<\/p>\n\n<p>&#8211; Conducting general assembly and board of directors meetings<\/p>\n\n<p>&#8211; Share transfers<\/p>\n\n<p>&#8211; Spin-offs, mergers and changes of type<\/p>\n\n<p>&#8211; Asset transfers and commercial enterprise transfers<\/p>\n\n<p>&#8211; Liquidation<\/p>\n\n<p>&#8211; Structuring employment<\/p>\n\n<p>&#8211; Comprehensive corporate governance services<\/p>\n\n<p>&#8211; Core corporate governance services<\/p>\n\n<p>&#8211; Disputes arising from various contracts such as agency, distributorship, sole dealership and purchase and sale<\/p>\n\n<p>&#8211; Product liability, disputes arising from consumer rights<\/p>\n\n<p>&#8211; Disputes arising from construction and real estate matters<\/p>\n\n<p>&#8211; Unfair competition cases<\/p>\n\n<p>&#8211; Transportation, import and export issues, anti-dumping cases<\/p>\n\n<p>&#8211; Joint ventures, disputes regarding shareholding relationships<\/p>\n\n<p>&#8211; Cancellation of general assembly resolutions<\/p>\n\n<p>&#8211; Lawsuits related to executive liability<\/p>\n\n<p>&#8211; Lawsuits regarding temporary administration and trustee appointment<\/p>\n\n<p>&#8211; Disputes governed by administrative law<\/p>\n\n<p>&#8211; Disputes governed by commercial law<\/p>\n","protected":false},"excerpt":{"rendered":"<div class=\"entry-summary\">\n<div class=\"entry-summary\">\nCorporate Law and Corporate Governance Our competence in Commercial Law, Corporate Law&hellip;\n<\/div>\n<div class=\"link-more\"><a href=\"https:\/\/www.yoruk.legal\/en\/corporate-law-and-corporate-governance\/\" class=\"more-link\">Continue reading<span class=\"screen-reader-text\"> &ldquo;Corporate Law and Corporate Governance&rdquo;<\/span>&hellip;<\/a><\/div>\n<\/div>\n<div class=\"link-more\"><a href=\"https:\/\/www.yoruk.legal\/en\/corporate-law-and-corporate-governance\/\" class=\"more-link\">Continue reading<span class=\"screen-reader-text\"> &ldquo;Corporate Law and Corporate Governance&rdquo;<\/span>&hellip;<\/a><\/div>\n","protected":false},"author":1,"featured_media":0,"parent":0,"menu_order":0,"comment_status":"closed","ping_status":"closed","template":"","meta":{"footnotes":""},"class_list":["post-1302","page","type-page","status-publish","hentry","entry"],"yoast_head":"<!-- This site is optimized with the Yoast SEO plugin v27.4 - https:\/\/yoast.com\/product\/yoast-seo-wordpress\/ -->\n<title>Corporate Law and Corporate Governance - Y\u00f6r\u00fck Hukuk B\u00fcrosu<\/title>\n<meta name=\"description\" content=\"It also covers the resolution of commercial disputes in different areas such as agency, distributorship, unfair competition, purchase and sale agreements, etc.\" \/>\n<meta name=\"robots\" content=\"index, follow, max-snippet:-1, max-image-preview:large, max-video-preview:-1\" \/>\n<link rel=\"canonical\" href=\"https:\/\/www.yoruk.legal\/en\/corporate-law-and-corporate-governance\/\" \/>\n<meta property=\"og:locale\" content=\"en_US\" \/>\n<meta property=\"og:type\" content=\"article\" \/>\n<meta property=\"og:title\" content=\"Corporate Law and Corporate Governance - Y\u00f6r\u00fck Hukuk B\u00fcrosu\" \/>\n<meta property=\"og:description\" content=\"It also covers the resolution of commercial disputes in different areas such as agency, distributorship, unfair competition, purchase and sale agreements, etc.\" \/>\n<meta property=\"og:url\" content=\"https:\/\/www.yoruk.legal\/en\/corporate-law-and-corporate-governance\/\" \/>\n<meta property=\"og:site_name\" content=\"Y\u00f6r\u00fck Hukuk B\u00fcrosu\" \/>\n<meta property=\"article:modified_time\" content=\"2024-10-22T13:23:26+00:00\" \/>\n<meta name=\"twitter:card\" content=\"summary_large_image\" \/>\n<meta name=\"twitter:label1\" content=\"Est. reading time\" \/>\n\t<meta name=\"twitter:data1\" content=\"3 minutes\" \/>\n<script type=\"application\/ld+json\" class=\"yoast-schema-graph\">{\"@context\":\"https:\\\/\\\/schema.org\",\"@graph\":[{\"@type\":\"WebPage\",\"@id\":\"https:\\\/\\\/www.yoruk.legal\\\/en\\\/corporate-law-and-corporate-governance\\\/\",\"url\":\"https:\\\/\\\/www.yoruk.legal\\\/en\\\/corporate-law-and-corporate-governance\\\/\",\"name\":\"Corporate Law and Corporate Governance - Y\u00f6r\u00fck Hukuk B\u00fcrosu\",\"isPartOf\":{\"@id\":\"https:\\\/\\\/www.yoruk.legal\\\/en\\\/#website\"},\"datePublished\":\"2019-08-31T13:07:42+00:00\",\"dateModified\":\"2024-10-22T13:23:26+00:00\",\"description\":\"It also covers the resolution of commercial disputes in different areas such as agency, distributorship, unfair competition, purchase and sale agreements, etc.\",\"breadcrumb\":{\"@id\":\"https:\\\/\\\/www.yoruk.legal\\\/en\\\/corporate-law-and-corporate-governance\\\/#breadcrumb\"},\"inLanguage\":\"en-US\",\"potentialAction\":[{\"@type\":\"ReadAction\",\"target\":[\"https:\\\/\\\/www.yoruk.legal\\\/en\\\/corporate-law-and-corporate-governance\\\/\"]}]},{\"@type\":\"BreadcrumbList\",\"@id\":\"https:\\\/\\\/www.yoruk.legal\\\/en\\\/corporate-law-and-corporate-governance\\\/#breadcrumb\",\"itemListElement\":[{\"@type\":\"ListItem\",\"position\":1,\"name\":\"Anasayfa\",\"item\":\"https:\\\/\\\/www.yoruk.legal\\\/en\\\/\"},{\"@type\":\"ListItem\",\"position\":2,\"name\":\"Corporate Law and Corporate Governance\"}]},{\"@type\":\"WebSite\",\"@id\":\"https:\\\/\\\/www.yoruk.legal\\\/en\\\/#website\",\"url\":\"https:\\\/\\\/www.yoruk.legal\\\/en\\\/\",\"name\":\"Y\u00f6r\u00fck Hukuk B\u00fcrosu\",\"description\":\"Y\u00f6r\u00fck Hukuk B\u00fcrosu\",\"publisher\":{\"@id\":\"https:\\\/\\\/www.yoruk.legal\\\/en\\\/#organization\"},\"potentialAction\":[{\"@type\":\"SearchAction\",\"target\":{\"@type\":\"EntryPoint\",\"urlTemplate\":\"https:\\\/\\\/www.yoruk.legal\\\/en\\\/?s={search_term_string}\"},\"query-input\":{\"@type\":\"PropertyValueSpecification\",\"valueRequired\":true,\"valueName\":\"search_term_string\"}}],\"inLanguage\":\"en-US\"},{\"@type\":\"Organization\",\"@id\":\"https:\\\/\\\/www.yoruk.legal\\\/en\\\/#organization\",\"name\":\"Y\u00f6r\u00fck Hukuk B\u00fcrosu\",\"url\":\"https:\\\/\\\/www.yoruk.legal\\\/en\\\/\",\"logo\":{\"@type\":\"ImageObject\",\"inLanguage\":\"en-US\",\"@id\":\"https:\\\/\\\/www.yoruk.legal\\\/en\\\/#\\\/schema\\\/logo\\\/image\\\/\",\"url\":\"https:\\\/\\\/www.yoruk.legal\\\/wp-content\\\/uploads\\\/2019\\\/08\\\/logo.png\",\"contentUrl\":\"https:\\\/\\\/www.yoruk.legal\\\/wp-content\\\/uploads\\\/2019\\\/08\\\/logo.png\",\"width\":1966,\"height\":968,\"caption\":\"Y\u00f6r\u00fck Hukuk B\u00fcrosu\"},\"image\":{\"@id\":\"https:\\\/\\\/www.yoruk.legal\\\/en\\\/#\\\/schema\\\/logo\\\/image\\\/\"}}]}<\/script>\n<!-- \/ Yoast SEO plugin. -->","yoast_head_json":{"title":"Corporate Law and Corporate Governance - Y\u00f6r\u00fck Hukuk B\u00fcrosu","description":"It also covers the resolution of commercial disputes in different areas such as agency, distributorship, unfair competition, purchase and sale agreements, etc.","robots":{"index":"index","follow":"follow","max-snippet":"max-snippet:-1","max-image-preview":"max-image-preview:large","max-video-preview":"max-video-preview:-1"},"canonical":"https:\/\/www.yoruk.legal\/en\/corporate-law-and-corporate-governance\/","og_locale":"en_US","og_type":"article","og_title":"Corporate Law and Corporate Governance - Y\u00f6r\u00fck Hukuk B\u00fcrosu","og_description":"It also covers the resolution of commercial disputes in different areas such as agency, distributorship, unfair competition, purchase and sale agreements, etc.","og_url":"https:\/\/www.yoruk.legal\/en\/corporate-law-and-corporate-governance\/","og_site_name":"Y\u00f6r\u00fck Hukuk B\u00fcrosu","article_modified_time":"2024-10-22T13:23:26+00:00","twitter_card":"summary_large_image","twitter_misc":{"Est. reading time":"3 minutes"},"schema":{"@context":"https:\/\/schema.org","@graph":[{"@type":"WebPage","@id":"https:\/\/www.yoruk.legal\/en\/corporate-law-and-corporate-governance\/","url":"https:\/\/www.yoruk.legal\/en\/corporate-law-and-corporate-governance\/","name":"Corporate Law and Corporate Governance - Y\u00f6r\u00fck Hukuk B\u00fcrosu","isPartOf":{"@id":"https:\/\/www.yoruk.legal\/en\/#website"},"datePublished":"2019-08-31T13:07:42+00:00","dateModified":"2024-10-22T13:23:26+00:00","description":"It also covers the resolution of commercial disputes in different areas such as agency, distributorship, unfair competition, purchase and sale agreements, etc.","breadcrumb":{"@id":"https:\/\/www.yoruk.legal\/en\/corporate-law-and-corporate-governance\/#breadcrumb"},"inLanguage":"en-US","potentialAction":[{"@type":"ReadAction","target":["https:\/\/www.yoruk.legal\/en\/corporate-law-and-corporate-governance\/"]}]},{"@type":"BreadcrumbList","@id":"https:\/\/www.yoruk.legal\/en\/corporate-law-and-corporate-governance\/#breadcrumb","itemListElement":[{"@type":"ListItem","position":1,"name":"Anasayfa","item":"https:\/\/www.yoruk.legal\/en\/"},{"@type":"ListItem","position":2,"name":"Corporate Law and Corporate Governance"}]},{"@type":"WebSite","@id":"https:\/\/www.yoruk.legal\/en\/#website","url":"https:\/\/www.yoruk.legal\/en\/","name":"Y\u00f6r\u00fck Hukuk B\u00fcrosu","description":"Y\u00f6r\u00fck Hukuk B\u00fcrosu","publisher":{"@id":"https:\/\/www.yoruk.legal\/en\/#organization"},"potentialAction":[{"@type":"SearchAction","target":{"@type":"EntryPoint","urlTemplate":"https:\/\/www.yoruk.legal\/en\/?s={search_term_string}"},"query-input":{"@type":"PropertyValueSpecification","valueRequired":true,"valueName":"search_term_string"}}],"inLanguage":"en-US"},{"@type":"Organization","@id":"https:\/\/www.yoruk.legal\/en\/#organization","name":"Y\u00f6r\u00fck Hukuk B\u00fcrosu","url":"https:\/\/www.yoruk.legal\/en\/","logo":{"@type":"ImageObject","inLanguage":"en-US","@id":"https:\/\/www.yoruk.legal\/en\/#\/schema\/logo\/image\/","url":"https:\/\/www.yoruk.legal\/wp-content\/uploads\/2019\/08\/logo.png","contentUrl":"https:\/\/www.yoruk.legal\/wp-content\/uploads\/2019\/08\/logo.png","width":1966,"height":968,"caption":"Y\u00f6r\u00fck Hukuk B\u00fcrosu"},"image":{"@id":"https:\/\/www.yoruk.legal\/en\/#\/schema\/logo\/image\/"}}]}},"_links":{"self":[{"href":"https:\/\/www.yoruk.legal\/en\/wp-json\/wp\/v2\/pages\/1302","targetHints":{"allow":["GET"]}}],"collection":[{"href":"https:\/\/www.yoruk.legal\/en\/wp-json\/wp\/v2\/pages"}],"about":[{"href":"https:\/\/www.yoruk.legal\/en\/wp-json\/wp\/v2\/types\/page"}],"author":[{"embeddable":true,"href":"https:\/\/www.yoruk.legal\/en\/wp-json\/wp\/v2\/users\/1"}],"replies":[{"embeddable":true,"href":"https:\/\/www.yoruk.legal\/en\/wp-json\/wp\/v2\/comments?post=1302"}],"version-history":[{"count":1,"href":"https:\/\/www.yoruk.legal\/en\/wp-json\/wp\/v2\/pages\/1302\/revisions"}],"predecessor-version":[{"id":1303,"href":"https:\/\/www.yoruk.legal\/en\/wp-json\/wp\/v2\/pages\/1302\/revisions\/1303"}],"wp:attachment":[{"href":"https:\/\/www.yoruk.legal\/en\/wp-json\/wp\/v2\/media?parent=1302"}],"curies":[{"name":"wp","href":"https:\/\/api.w.org\/{rel}","templated":true}]}}