{"id":1283,"date":"2019-08-31T13:57:36","date_gmt":"2019-08-31T13:57:36","guid":{"rendered":"http:\/\/yoruk-legal.local\/construction-and-real-estate-law\/"},"modified":"2024-10-22T13:27:22","modified_gmt":"2024-10-22T13:27:22","slug":"construction-and-real-estate-law","status":"publish","type":"page","link":"https:\/\/www.yoruk.legal\/en\/construction-and-real-estate-law\/","title":{"rendered":"Construction and Real Estate Law"},"content":{"rendered":"\n<h1>Construction and Real Estate Law<\/h1>\n\n<p>The services we promise within the scope of our competencies in Construction and Real Estate Law are providing up-to-date information about the contracts that can be concluded with both real persons and legal entities and legislative amendments, preparation of construction contracts, build-operate-transfer contracts, title deed control, establishment of usufruct rights, license controls, revision and preparation of contracts to be signed with public institutions and public subsidiaries, and providing detailed information by performing risk analysis.<\/p>\n\n<p>Within the scope of Construction and Real Estate law, it is aimed to produce fast and practical solutions to the disputes arising between the parties where there are all kinds of regulations about the structures that are described as immovable such as land, land, apartment, housing. In this context; it covers the regulation of many contracts such as real estate purchase and sale contract, lease contract, condominium easement contract, construction contract, building management and site management contract, project management contract, construction contract in return for land share, execution of the sales process of real estates, and transactions regarding investment partnerships. In this sense, all necessary legal services are provided in order to provide legal support to all clients and clients in pre-purchase lawsuits, appropriation lawsuits, expropriation lawsuits, prevention of expropriation lawsuits, izale-i \u015f\u00fcyu and kal lawsuits, lawsuits to be filed for the determination of the rental price and deed cancellation and registration lawsuits that have been filed or will be filed.  <\/p>\n\n<p>Within the scope of Law No. 6306 on the Transformation of Areas Under Disaster Risk, we aim to provide all kinds of legal services within the scope of urban transformation law with our expertise and knowledge in urban transformation law. The scope of our services includes the Land Sales Promise Agreement to be executed with the construction company and the <\/p>\n\n<p>the preparation of the Technical Specifications, in which it is decided what kind of material will be used, and the review of such contracts prepared by the construction company.<\/p>\n\n<p>Services in the field of Real Estate Law:<\/p>\n\n<p>&#8211; Construction projects<\/p>\n\n<p>&#8211; Real estate development, planning and land use<\/p>\n\n<p>&#8211; Hotels, shopping malls, holiday destinations and tourism<\/p>\n\n<p>&#8211; Property tax<\/p>\n\n<p>&#8211; Environmental issues and regulations<\/p>\n\n<p>&#8211; Build-operate-transfer contracts<\/p>\n\n<p>&#8211; Lease agreements<\/p>\n\n<p>&#8211; Beneficial rights<\/p>\n\n<p>&#8211; License procedures<\/p>\n\n<p>&#8211; Urban transformation projects<\/p>\n\n<p>&#8211; Contracts of promise of sale of immovable property<\/p>\n","protected":false},"excerpt":{"rendered":"<div class=\"entry-summary\">\n<div class=\"entry-summary\">\nConstruction and Real Estate Law The services we promise within the scope&hellip;\n<\/div>\n<div class=\"link-more\"><a href=\"https:\/\/www.yoruk.legal\/en\/construction-and-real-estate-law\/\" class=\"more-link\">Continue reading<span class=\"screen-reader-text\"> &ldquo;Construction and Real Estate Law&rdquo;<\/span>&hellip;<\/a><\/div>\n<\/div>\n<div class=\"link-more\"><a href=\"https:\/\/www.yoruk.legal\/en\/construction-and-real-estate-law\/\" class=\"more-link\">Continue reading<span class=\"screen-reader-text\"> &ldquo;Construction and Real Estate Law&rdquo;<\/span>&hellip;<\/a><\/div>\n","protected":false},"author":1,"featured_media":0,"parent":0,"menu_order":0,"comment_status":"closed","ping_status":"closed","template":"","meta":{"footnotes":""},"class_list":["post-1283","page","type-page","status-publish","hentry","entry"],"yoast_head":"<!-- This site is optimized with the Yoast SEO plugin v27.4 - https:\/\/yoast.com\/product\/yoast-seo-wordpress\/ -->\n<title>Construction and Real Estate Law - Y\u00f6r\u00fck Hukuk B\u00fcrosu<\/title>\n<meta name=\"description\" content=\"There are all kinds of regulations about the structures that are characterized as immovable such as land, land, apartment, housing and the disputes between the parties...\" \/>\n<meta name=\"robots\" content=\"index, follow, max-snippet:-1, max-image-preview:large, max-video-preview:-1\" \/>\n<link rel=\"canonical\" href=\"https:\/\/www.yoruk.legal\/en\/construction-and-real-estate-law\/\" \/>\n<meta property=\"og:locale\" content=\"en_US\" \/>\n<meta property=\"og:type\" content=\"article\" \/>\n<meta property=\"og:title\" content=\"Construction and Real Estate Law - Y\u00f6r\u00fck Hukuk B\u00fcrosu\" \/>\n<meta property=\"og:description\" content=\"There are all kinds of regulations about the structures that are characterized as immovable such as land, land, apartment, housing and the disputes between the parties...\" \/>\n<meta property=\"og:url\" content=\"https:\/\/www.yoruk.legal\/en\/construction-and-real-estate-law\/\" \/>\n<meta property=\"og:site_name\" content=\"Y\u00f6r\u00fck Hukuk B\u00fcrosu\" \/>\n<meta property=\"article:modified_time\" content=\"2024-10-22T13:27:22+00:00\" \/>\n<meta name=\"twitter:card\" content=\"summary_large_image\" \/>\n<meta name=\"twitter:label1\" content=\"Est. reading time\" \/>\n\t<meta name=\"twitter:data1\" content=\"3 minutes\" \/>\n<script type=\"application\/ld+json\" class=\"yoast-schema-graph\">{\"@context\":\"https:\\\/\\\/schema.org\",\"@graph\":[{\"@type\":\"WebPage\",\"@id\":\"https:\\\/\\\/www.yoruk.legal\\\/en\\\/construction-and-real-estate-law\\\/\",\"url\":\"https:\\\/\\\/www.yoruk.legal\\\/en\\\/construction-and-real-estate-law\\\/\",\"name\":\"Construction and Real Estate Law - Y\u00f6r\u00fck Hukuk B\u00fcrosu\",\"isPartOf\":{\"@id\":\"https:\\\/\\\/www.yoruk.legal\\\/en\\\/#website\"},\"datePublished\":\"2019-08-31T13:57:36+00:00\",\"dateModified\":\"2024-10-22T13:27:22+00:00\",\"description\":\"There are all kinds of regulations about the structures that are characterized as immovable such as land, land, apartment, housing and the disputes between the parties...\",\"breadcrumb\":{\"@id\":\"https:\\\/\\\/www.yoruk.legal\\\/en\\\/construction-and-real-estate-law\\\/#breadcrumb\"},\"inLanguage\":\"en-US\",\"potentialAction\":[{\"@type\":\"ReadAction\",\"target\":[\"https:\\\/\\\/www.yoruk.legal\\\/en\\\/construction-and-real-estate-law\\\/\"]}]},{\"@type\":\"BreadcrumbList\",\"@id\":\"https:\\\/\\\/www.yoruk.legal\\\/en\\\/construction-and-real-estate-law\\\/#breadcrumb\",\"itemListElement\":[{\"@type\":\"ListItem\",\"position\":1,\"name\":\"Anasayfa\",\"item\":\"https:\\\/\\\/www.yoruk.legal\\\/en\\\/\"},{\"@type\":\"ListItem\",\"position\":2,\"name\":\"Construction and Real Estate Law\"}]},{\"@type\":\"WebSite\",\"@id\":\"https:\\\/\\\/www.yoruk.legal\\\/en\\\/#website\",\"url\":\"https:\\\/\\\/www.yoruk.legal\\\/en\\\/\",\"name\":\"Y\u00f6r\u00fck Hukuk B\u00fcrosu\",\"description\":\"Y\u00f6r\u00fck Hukuk B\u00fcrosu\",\"publisher\":{\"@id\":\"https:\\\/\\\/www.yoruk.legal\\\/en\\\/#organization\"},\"potentialAction\":[{\"@type\":\"SearchAction\",\"target\":{\"@type\":\"EntryPoint\",\"urlTemplate\":\"https:\\\/\\\/www.yoruk.legal\\\/en\\\/?s={search_term_string}\"},\"query-input\":{\"@type\":\"PropertyValueSpecification\",\"valueRequired\":true,\"valueName\":\"search_term_string\"}}],\"inLanguage\":\"en-US\"},{\"@type\":\"Organization\",\"@id\":\"https:\\\/\\\/www.yoruk.legal\\\/en\\\/#organization\",\"name\":\"Y\u00f6r\u00fck Hukuk B\u00fcrosu\",\"url\":\"https:\\\/\\\/www.yoruk.legal\\\/en\\\/\",\"logo\":{\"@type\":\"ImageObject\",\"inLanguage\":\"en-US\",\"@id\":\"https:\\\/\\\/www.yoruk.legal\\\/en\\\/#\\\/schema\\\/logo\\\/image\\\/\",\"url\":\"https:\\\/\\\/www.yoruk.legal\\\/wp-content\\\/uploads\\\/2019\\\/08\\\/logo.png\",\"contentUrl\":\"https:\\\/\\\/www.yoruk.legal\\\/wp-content\\\/uploads\\\/2019\\\/08\\\/logo.png\",\"width\":1966,\"height\":968,\"caption\":\"Y\u00f6r\u00fck Hukuk B\u00fcrosu\"},\"image\":{\"@id\":\"https:\\\/\\\/www.yoruk.legal\\\/en\\\/#\\\/schema\\\/logo\\\/image\\\/\"}}]}<\/script>\n<!-- \/ Yoast SEO plugin. -->","yoast_head_json":{"title":"Construction and Real Estate Law - Y\u00f6r\u00fck Hukuk B\u00fcrosu","description":"There are all kinds of regulations about the structures that are characterized as immovable such as land, land, apartment, housing and the disputes between the parties...","robots":{"index":"index","follow":"follow","max-snippet":"max-snippet:-1","max-image-preview":"max-image-preview:large","max-video-preview":"max-video-preview:-1"},"canonical":"https:\/\/www.yoruk.legal\/en\/construction-and-real-estate-law\/","og_locale":"en_US","og_type":"article","og_title":"Construction and Real Estate Law - Y\u00f6r\u00fck Hukuk B\u00fcrosu","og_description":"There are all kinds of regulations about the structures that are characterized as immovable such as land, land, apartment, housing and the disputes between the parties...","og_url":"https:\/\/www.yoruk.legal\/en\/construction-and-real-estate-law\/","og_site_name":"Y\u00f6r\u00fck Hukuk B\u00fcrosu","article_modified_time":"2024-10-22T13:27:22+00:00","twitter_card":"summary_large_image","twitter_misc":{"Est. reading time":"3 minutes"},"schema":{"@context":"https:\/\/schema.org","@graph":[{"@type":"WebPage","@id":"https:\/\/www.yoruk.legal\/en\/construction-and-real-estate-law\/","url":"https:\/\/www.yoruk.legal\/en\/construction-and-real-estate-law\/","name":"Construction and Real Estate Law - Y\u00f6r\u00fck Hukuk B\u00fcrosu","isPartOf":{"@id":"https:\/\/www.yoruk.legal\/en\/#website"},"datePublished":"2019-08-31T13:57:36+00:00","dateModified":"2024-10-22T13:27:22+00:00","description":"There are all kinds of regulations about the structures that are characterized as immovable such as land, land, apartment, housing and the disputes between the parties...","breadcrumb":{"@id":"https:\/\/www.yoruk.legal\/en\/construction-and-real-estate-law\/#breadcrumb"},"inLanguage":"en-US","potentialAction":[{"@type":"ReadAction","target":["https:\/\/www.yoruk.legal\/en\/construction-and-real-estate-law\/"]}]},{"@type":"BreadcrumbList","@id":"https:\/\/www.yoruk.legal\/en\/construction-and-real-estate-law\/#breadcrumb","itemListElement":[{"@type":"ListItem","position":1,"name":"Anasayfa","item":"https:\/\/www.yoruk.legal\/en\/"},{"@type":"ListItem","position":2,"name":"Construction and Real Estate Law"}]},{"@type":"WebSite","@id":"https:\/\/www.yoruk.legal\/en\/#website","url":"https:\/\/www.yoruk.legal\/en\/","name":"Y\u00f6r\u00fck Hukuk B\u00fcrosu","description":"Y\u00f6r\u00fck Hukuk B\u00fcrosu","publisher":{"@id":"https:\/\/www.yoruk.legal\/en\/#organization"},"potentialAction":[{"@type":"SearchAction","target":{"@type":"EntryPoint","urlTemplate":"https:\/\/www.yoruk.legal\/en\/?s={search_term_string}"},"query-input":{"@type":"PropertyValueSpecification","valueRequired":true,"valueName":"search_term_string"}}],"inLanguage":"en-US"},{"@type":"Organization","@id":"https:\/\/www.yoruk.legal\/en\/#organization","name":"Y\u00f6r\u00fck Hukuk B\u00fcrosu","url":"https:\/\/www.yoruk.legal\/en\/","logo":{"@type":"ImageObject","inLanguage":"en-US","@id":"https:\/\/www.yoruk.legal\/en\/#\/schema\/logo\/image\/","url":"https:\/\/www.yoruk.legal\/wp-content\/uploads\/2019\/08\/logo.png","contentUrl":"https:\/\/www.yoruk.legal\/wp-content\/uploads\/2019\/08\/logo.png","width":1966,"height":968,"caption":"Y\u00f6r\u00fck Hukuk B\u00fcrosu"},"image":{"@id":"https:\/\/www.yoruk.legal\/en\/#\/schema\/logo\/image\/"}}]}},"_links":{"self":[{"href":"https:\/\/www.yoruk.legal\/en\/wp-json\/wp\/v2\/pages\/1283","targetHints":{"allow":["GET"]}}],"collection":[{"href":"https:\/\/www.yoruk.legal\/en\/wp-json\/wp\/v2\/pages"}],"about":[{"href":"https:\/\/www.yoruk.legal\/en\/wp-json\/wp\/v2\/types\/page"}],"author":[{"embeddable":true,"href":"https:\/\/www.yoruk.legal\/en\/wp-json\/wp\/v2\/users\/1"}],"replies":[{"embeddable":true,"href":"https:\/\/www.yoruk.legal\/en\/wp-json\/wp\/v2\/comments?post=1283"}],"version-history":[{"count":1,"href":"https:\/\/www.yoruk.legal\/en\/wp-json\/wp\/v2\/pages\/1283\/revisions"}],"predecessor-version":[{"id":1284,"href":"https:\/\/www.yoruk.legal\/en\/wp-json\/wp\/v2\/pages\/1283\/revisions\/1284"}],"wp:attachment":[{"href":"https:\/\/www.yoruk.legal\/en\/wp-json\/wp\/v2\/media?parent=1283"}],"curies":[{"name":"wp","href":"https:\/\/api.w.org\/{rel}","templated":true}]}}