{"id":1301,"date":"2015-03-02T11:05:25","date_gmt":"2015-03-02T11:05:25","guid":{"rendered":"http:\/\/yoruk-legal.local\/homepage\/"},"modified":"2024-10-22T13:40:24","modified_gmt":"2024-10-22T13:40:24","slug":"homepage","status":"publish","type":"page","link":"http:\/\/www.yoruk.legal\/en\/","title":{"rendered":"Homepage"},"content":{"rendered":"\n\n\t<h1>Legal Information;<\/h1>\n\t<h2>Human Wisdom<\/h2>\n<div class=\"wm-content-module wm-posts-wrap clearfix wm-content-module-singular\"><div class=\"wm-content-module-item wm-content-module-item-1318\"><div class=\"wm-content-module-element wm-html-element title\"><h2>Corporate Law and Corporate Governance<\/h2><\/div><div class=\"wm-content-module-element wm-html-element content\"><p>He is specialized in Commercial Law, Corporate Law and Corporate Governance...  <\/p>\n<\/div><\/div><\/div><div class=\"wm-content-module wm-posts-wrap clearfix wm-content-module-singular\"><div class=\"wm-content-module-item wm-content-module-item-1323\"><div class=\"wm-content-module-element wm-html-element title\"><h2>Commercial Criminal Law<\/h2><\/div><div class=\"wm-content-module-element wm-html-element content\"><p>Especially in the developing and growing world, individuals and organizations are frequently...<\/p>\n<\/div><\/div><\/div><div class=\"wm-content-module wm-posts-wrap clearfix wm-content-module-singular\"><div class=\"wm-content-module-item wm-content-module-item-1321\"><div class=\"wm-content-module-element wm-html-element title\"><h2>Criminal Law<\/h2><\/div><div class=\"wm-content-module-element wm-html-element content\"><p>All clients are subject to the Turkish legal system, both the prosecutor's investigation...<\/p>\n<\/div><\/div><\/div><div class=\"wm-content-module wm-posts-wrap clearfix wm-content-module-singular\"><div class=\"wm-content-module-item wm-content-module-item-1322\"><div class=\"wm-content-module-element wm-html-element title\"><h2>Enforcement and Bankruptcy Law<\/h2><\/div><div class=\"wm-content-module-element wm-html-element content\"><p>Y\u00f6r\u00fck Law Office provides legal consultancy services to its clients on Execution and Bankruptcy Law and Receivables and Debt Management...<\/p>\n<\/div><\/div><\/div><div class=\"wm-content-module wm-posts-wrap clearfix wm-content-module-singular\"><div class=\"wm-content-module-item wm-content-module-item-1320\"><div class=\"wm-content-module-element wm-html-element title\"><h2>Administrative and Tax Law<\/h2><\/div><div class=\"wm-content-module-element wm-html-element content\"><p>Administrative Law is a branch of law that regulates the relations between the state or administrative institutions and individuals and companies...<\/p>\n<\/div><\/div><\/div><div class=\"wm-content-module wm-posts-wrap clearfix wm-content-module-singular\"><div class=\"wm-content-module-item wm-content-module-item-1319\"><div class=\"wm-content-module-element wm-html-element title\"><h2>Labor and Social Security Law<\/h2><\/div><div class=\"wm-content-module-element wm-html-element content\"><p>From companies to associations in the fields of individual and collective labor law, occupational health and safety law, social security law and migration law...<\/p>\n<\/div><\/div><\/div>\n\t<h1>Y\u00f6r\u00fck Law Office<\/h1>\n<p>As Y\u00f6r\u00fck Law Office, we analyze all the problems and expectations of the business partners we work with in the most effective way and reach the right result.  <a href=\"http:\/\/www.yoruk.legal\/hakkimizda\/\">Read more<\/a><\/p>\n\t<h2>Our Team<\/h2>\n<div class=\"wm-posts wm-posts-wrap clearfix wm-posts-wm_staff wm-posts-layout-default\"><div class=\"wm-posts-container wm-items-container no-margin\" data-columns=\"3\" data-time=\"0\" data-layout-mode=\"masonry\"><div class=\"wm-row no-margin\">\r\n<article class=\"wm-posts-item wm-posts-item-1224 wm-column width-1-3 no-margin has-thumbnail\">\r\n\r\n\t<div class=\"wm-posts-element wm-html-element image image-container\"><img loading=\"lazy\" decoding=\"async\" width=\"420\" height=\"420\" src=\"http:\/\/www.yoruk.legal\/wp-content\/uploads\/2023\/03\/WhatsApp-Image-2023-03-23-at-13.51.0911-e1679593120635-420x420.jpeg\" class=\"attachment-square size-square wp-post-image\" alt=\"\" title=\"WhatsApp-Image-2023-03-23-at-13.51.0911\" \/><\/div>\r\n\t<div class=\"wm-posts-elements-wrapper\">\r\n\r\n\t\t<div class=\"wm-posts-element wm-html-element title\"><h2>Talat Y\u00f6r\u00fck<\/h2><\/div>\r\n\r\n\t\t<div class=\"wm-posts-element wm-html-element taxonomy\"><span class=\"term term-ortak-avukat\">Ortak Avukat<\/span><\/div>\r\n\t<\/div>\r\n\r\n<\/article>\r\n\r\n<article class=\"wm-posts-item wm-posts-item-1215 wm-column width-1-3 no-margin alt has-thumbnail\">\r\n\r\n\t<div class=\"wm-posts-element wm-html-element image image-container\"><img loading=\"lazy\" decoding=\"async\" width=\"420\" height=\"420\" src=\"http:\/\/www.yoruk.legal\/wp-content\/uploads\/2022\/09\/4444-420x420.png\" class=\"attachment-square size-square wp-post-image\" alt=\"\" title=\"4444\" \/><\/div>\r\n\t<div class=\"wm-posts-elements-wrapper\">\r\n\r\n\t\t<div class=\"wm-posts-element wm-html-element title\"><h2>Tar\u0131k Kurban<\/h2><\/div>\r\n\r\n\t\t<div class=\"wm-posts-element wm-html-element taxonomy\"><span class=\"term term-avukat\">Avukat<\/span><\/div>\r\n\t<\/div>\r\n\r\n<\/article>\r\n\r\n<article class=\"wm-posts-item wm-posts-item-1214 wm-column width-1-3 no-margin has-thumbnail\">\r\n\r\n\t<div class=\"wm-posts-element wm-html-element image image-container\"><img loading=\"lazy\" decoding=\"async\" width=\"420\" height=\"420\" src=\"http:\/\/www.yoruk.legal\/wp-content\/uploads\/2022\/09\/blackandwhite800x800TK-420x420.jpg\" class=\"attachment-square size-square wp-post-image\" alt=\"\" title=\"blackandwhite800x800TK\" \/><\/div>\r\n\t<div class=\"wm-posts-elements-wrapper\">\r\n\r\n\t\t<div class=\"wm-posts-element wm-html-element title\"><h2>Fatma Esra G\u00fczelo\u011flu<\/h2><\/div>\r\n\r\n\t\t<div class=\"wm-posts-element wm-html-element taxonomy\"><span class=\"term term-danisman-avukat-marka-vekili\">Dan\u0131\u015fman Avukat - Marka Vekili<\/span><\/div>\r\n\t<\/div>\r\n\r\n<\/article>\r\n<\/div><div class=\"wm-row no-margin\">\r\n<article class=\"wm-posts-item wm-posts-item-1213 wm-column width-1-3 no-margin alt has-thumbnail\">\r\n\r\n\t<div class=\"wm-posts-element wm-html-element image image-container\"><img loading=\"lazy\" decoding=\"async\" width=\"420\" height=\"420\" src=\"http:\/\/www.yoruk.legal\/wp-content\/uploads\/2019\/08\/WhatsApp-Image-2019-08-30-at-17.51.28-420x420.jpeg\" class=\"attachment-square size-square wp-post-image\" alt=\"\" title=\"WhatsApp Image 2019-08-30 at 17.51.28\" \/><\/div>\r\n\t<div class=\"wm-posts-elements-wrapper\">\r\n\r\n\t\t<div class=\"wm-posts-element wm-html-element title\"><h2>Naz\u0131m O\u011fulcan \u00d6zg\u00fcr<\/h2><\/div>\r\n\r\n\t\t<div class=\"wm-posts-element wm-html-element taxonomy\"><span class=\"term term-avukat\">Avukat<\/span><\/div>\r\n\t<\/div>\r\n\r\n<\/article>\r\n\r\n<article class=\"wm-posts-item wm-posts-item-1212 wm-column width-1-3 no-margin has-thumbnail\">\r\n\r\n\t<div class=\"wm-posts-element wm-html-element image image-container\"><img loading=\"lazy\" decoding=\"async\" width=\"420\" height=\"420\" src=\"http:\/\/www.yoruk.legal\/wp-content\/uploads\/2022\/09\/009-Kopya-420x420.jpg\" class=\"attachment-square size-square wp-post-image\" alt=\"\" title=\"009 &#8211; Kopya\" \/><\/div>\r\n\t<div class=\"wm-posts-elements-wrapper\">\r\n\r\n\t\t<div class=\"wm-posts-element wm-html-element title\"><h2>Abd\u00fclkadir G\u00fczelo\u011flu<\/h2><\/div>\r\n\r\n\t\t<div class=\"wm-posts-element wm-html-element taxonomy\"><span class=\"term term-danisman-avukat\">Dan\u0131\u015fman Avukat<\/span><\/div>\r\n\t<\/div>\r\n\r\n<\/article>\r\n\r\n<article class=\"wm-posts-item wm-posts-item-644 wm-column width-1-3 no-margin alt has-thumbnail\">\r\n\r\n\t<div class=\"wm-posts-element wm-html-element image image-container\"><img loading=\"lazy\" decoding=\"async\" width=\"376\" height=\"420\" src=\"http:\/\/www.yoruk.legal\/wp-content\/uploads\/2015\/03\/Ekibimiz-e1679593235597-376x420.jpeg\" class=\"attachment-square size-square wp-post-image\" alt=\"\" title=\"Ekibimiz\" \/><\/div>\r\n\t<div class=\"wm-posts-elements-wrapper\">\r\n\r\n\t\t<div class=\"wm-posts-element wm-html-element title\"><h2>Pulat Y\u00f6r\u00fck<\/h2><\/div>\r\n\r\n\t\t<div class=\"wm-posts-element wm-html-element taxonomy\"><span class=\"term term-ortak-avukat\">Ortak Avukat<\/span><\/div>\r\n\t<\/div>\r\n\r\n<\/article>\r\n<\/div><\/div><\/div>\n","protected":false},"excerpt":{"rendered":"<div class=\"entry-summary\">\n<div class=\"entry-summary\">\n<\/div>\n<\/div>\n","protected":false},"author":1,"featured_media":0,"parent":0,"menu_order":0,"comment_status":"closed","ping_status":"closed","template":"","meta":{"footnotes":""},"class_list":["post-1301","page","type-page","status-publish","hentry","entry"],"yoast_head":"<!-- This site is optimized with the Yoast SEO plugin v27.4 - https:\/\/yoast.com\/product\/yoast-seo-wordpress\/ -->\n<title>Y\u00f6r\u00fck Hukuk B\u00fcrosu<\/title>\n<meta name=\"description\" content=\"With our expert team, we are at your side in company and corporate governance, commercial, criminal, enforcement, bankruptcy, administrative and tax, labor and social security, family, inheritance law, etc.\" \/>\n<meta name=\"robots\" content=\"index, follow, max-snippet:-1, max-image-preview:large, max-video-preview:-1\" \/>\n<link rel=\"canonical\" href=\"http:\/\/www.yoruk.legal\/en\/\" \/>\n<meta property=\"og:locale\" content=\"en_US\" \/>\n<meta property=\"og:type\" content=\"article\" \/>\n<meta property=\"og:title\" content=\"Y\u00f6r\u00fck Hukuk B\u00fcrosu\" \/>\n<meta property=\"og:description\" content=\"With our expert team, we are at your side in company and corporate governance, commercial, criminal, enforcement, bankruptcy, administrative and tax, labor and social security, family, inheritance law, etc.\" \/>\n<meta property=\"og:url\" content=\"http:\/\/www.yoruk.legal\/en\/\" \/>\n<meta property=\"og:site_name\" content=\"Y\u00f6r\u00fck Hukuk B\u00fcrosu\" \/>\n<meta property=\"article:modified_time\" content=\"2024-10-22T13:40:24+00:00\" \/>\n<meta name=\"twitter:card\" content=\"summary_large_image\" \/>\n<meta name=\"twitter:label1\" content=\"Est. reading time\" \/>\n\t<meta name=\"twitter:data1\" content=\"1 minute\" \/>\n<script type=\"application\/ld+json\" class=\"yoast-schema-graph\">{\"@context\":\"https:\\\/\\\/schema.org\",\"@graph\":[{\"@type\":\"WebPage\",\"@id\":\"http:\\\/\\\/www.yoruk.legal\\\/en\\\/\",\"url\":\"http:\\\/\\\/www.yoruk.legal\\\/en\\\/\",\"name\":\"Y\u00f6r\u00fck Hukuk B\u00fcrosu\",\"isPartOf\":{\"@id\":\"https:\\\/\\\/www.yoruk.legal\\\/en\\\/#website\"},\"datePublished\":\"2015-03-02T11:05:25+00:00\",\"dateModified\":\"2024-10-22T13:40:24+00:00\",\"description\":\"With our expert team, we are at your side in company and corporate governance, commercial, criminal, enforcement, bankruptcy, administrative and tax, labor and social security, family, inheritance law, etc.\",\"breadcrumb\":{\"@id\":\"http:\\\/\\\/www.yoruk.legal\\\/en\\\/#breadcrumb\"},\"inLanguage\":\"en-US\",\"potentialAction\":[{\"@type\":\"ReadAction\",\"target\":[\"http:\\\/\\\/www.yoruk.legal\\\/en\\\/\"]}]},{\"@type\":\"BreadcrumbList\",\"@id\":\"http:\\\/\\\/www.yoruk.legal\\\/en\\\/#breadcrumb\",\"itemListElement\":[{\"@type\":\"ListItem\",\"position\":1,\"name\":\"Anasayfa\",\"item\":\"https:\\\/\\\/www.yoruk.legal\\\/en\\\/\"},{\"@type\":\"ListItem\",\"position\":2,\"name\":\"Homepage\"}]},{\"@type\":\"WebSite\",\"@id\":\"https:\\\/\\\/www.yoruk.legal\\\/en\\\/#website\",\"url\":\"https:\\\/\\\/www.yoruk.legal\\\/en\\\/\",\"name\":\"Y\u00f6r\u00fck Hukuk B\u00fcrosu\",\"description\":\"Y\u00f6r\u00fck Hukuk B\u00fcrosu\",\"publisher\":{\"@id\":\"https:\\\/\\\/www.yoruk.legal\\\/en\\\/#organization\"},\"potentialAction\":[{\"@type\":\"SearchAction\",\"target\":{\"@type\":\"EntryPoint\",\"urlTemplate\":\"https:\\\/\\\/www.yoruk.legal\\\/en\\\/?s={search_term_string}\"},\"query-input\":{\"@type\":\"PropertyValueSpecification\",\"valueRequired\":true,\"valueName\":\"search_term_string\"}}],\"inLanguage\":\"en-US\"},{\"@type\":\"Organization\",\"@id\":\"https:\\\/\\\/www.yoruk.legal\\\/en\\\/#organization\",\"name\":\"Y\u00f6r\u00fck Hukuk B\u00fcrosu\",\"url\":\"https:\\\/\\\/www.yoruk.legal\\\/en\\\/\",\"logo\":{\"@type\":\"ImageObject\",\"inLanguage\":\"en-US\",\"@id\":\"https:\\\/\\\/www.yoruk.legal\\\/en\\\/#\\\/schema\\\/logo\\\/image\\\/\",\"url\":\"http:\\\/\\\/www.yoruk.legal\\\/wp-content\\\/uploads\\\/2019\\\/08\\\/logo.png\",\"contentUrl\":\"http:\\\/\\\/www.yoruk.legal\\\/wp-content\\\/uploads\\\/2019\\\/08\\\/logo.png\",\"width\":1966,\"height\":968,\"caption\":\"Y\u00f6r\u00fck Hukuk B\u00fcrosu\"},\"image\":{\"@id\":\"https:\\\/\\\/www.yoruk.legal\\\/en\\\/#\\\/schema\\\/logo\\\/image\\\/\"}}]}<\/script>\n<!-- \/ Yoast SEO plugin. -->","yoast_head_json":{"title":"Y\u00f6r\u00fck Hukuk B\u00fcrosu","description":"With our expert team, we are at your side in company and corporate governance, commercial, criminal, enforcement, bankruptcy, administrative and tax, labor and social security, family, inheritance law, etc.","robots":{"index":"index","follow":"follow","max-snippet":"max-snippet:-1","max-image-preview":"max-image-preview:large","max-video-preview":"max-video-preview:-1"},"canonical":"http:\/\/www.yoruk.legal\/en\/","og_locale":"en_US","og_type":"article","og_title":"Y\u00f6r\u00fck Hukuk B\u00fcrosu","og_description":"With our expert team, we are at your side in company and corporate governance, commercial, criminal, enforcement, bankruptcy, administrative and tax, labor and social security, family, inheritance law, etc.","og_url":"http:\/\/www.yoruk.legal\/en\/","og_site_name":"Y\u00f6r\u00fck Hukuk B\u00fcrosu","article_modified_time":"2024-10-22T13:40:24+00:00","twitter_card":"summary_large_image","twitter_misc":{"Est. reading time":"1 minute"},"schema":{"@context":"https:\/\/schema.org","@graph":[{"@type":"WebPage","@id":"http:\/\/www.yoruk.legal\/en\/","url":"http:\/\/www.yoruk.legal\/en\/","name":"Y\u00f6r\u00fck Hukuk B\u00fcrosu","isPartOf":{"@id":"https:\/\/www.yoruk.legal\/en\/#website"},"datePublished":"2015-03-02T11:05:25+00:00","dateModified":"2024-10-22T13:40:24+00:00","description":"With our expert team, we are at your side in company and corporate governance, commercial, criminal, enforcement, bankruptcy, administrative and tax, labor and social security, family, inheritance law, etc.","breadcrumb":{"@id":"http:\/\/www.yoruk.legal\/en\/#breadcrumb"},"inLanguage":"en-US","potentialAction":[{"@type":"ReadAction","target":["http:\/\/www.yoruk.legal\/en\/"]}]},{"@type":"BreadcrumbList","@id":"http:\/\/www.yoruk.legal\/en\/#breadcrumb","itemListElement":[{"@type":"ListItem","position":1,"name":"Anasayfa","item":"https:\/\/www.yoruk.legal\/en\/"},{"@type":"ListItem","position":2,"name":"Homepage"}]},{"@type":"WebSite","@id":"https:\/\/www.yoruk.legal\/en\/#website","url":"https:\/\/www.yoruk.legal\/en\/","name":"Y\u00f6r\u00fck Hukuk B\u00fcrosu","description":"Y\u00f6r\u00fck Hukuk B\u00fcrosu","publisher":{"@id":"https:\/\/www.yoruk.legal\/en\/#organization"},"potentialAction":[{"@type":"SearchAction","target":{"@type":"EntryPoint","urlTemplate":"https:\/\/www.yoruk.legal\/en\/?s={search_term_string}"},"query-input":{"@type":"PropertyValueSpecification","valueRequired":true,"valueName":"search_term_string"}}],"inLanguage":"en-US"},{"@type":"Organization","@id":"https:\/\/www.yoruk.legal\/en\/#organization","name":"Y\u00f6r\u00fck Hukuk B\u00fcrosu","url":"https:\/\/www.yoruk.legal\/en\/","logo":{"@type":"ImageObject","inLanguage":"en-US","@id":"https:\/\/www.yoruk.legal\/en\/#\/schema\/logo\/image\/","url":"http:\/\/www.yoruk.legal\/wp-content\/uploads\/2019\/08\/logo.png","contentUrl":"http:\/\/www.yoruk.legal\/wp-content\/uploads\/2019\/08\/logo.png","width":1966,"height":968,"caption":"Y\u00f6r\u00fck Hukuk B\u00fcrosu"},"image":{"@id":"https:\/\/www.yoruk.legal\/en\/#\/schema\/logo\/image\/"}}]}},"_links":{"self":[{"href":"http:\/\/www.yoruk.legal\/en\/wp-json\/wp\/v2\/pages\/1301","targetHints":{"allow":["GET"]}}],"collection":[{"href":"http:\/\/www.yoruk.legal\/en\/wp-json\/wp\/v2\/pages"}],"about":[{"href":"http:\/\/www.yoruk.legal\/en\/wp-json\/wp\/v2\/types\/page"}],"author":[{"embeddable":true,"href":"http:\/\/www.yoruk.legal\/en\/wp-json\/wp\/v2\/users\/1"}],"replies":[{"embeddable":true,"href":"http:\/\/www.yoruk.legal\/en\/wp-json\/wp\/v2\/comments?post=1301"}],"version-history":[{"count":2,"href":"http:\/\/www.yoruk.legal\/en\/wp-json\/wp\/v2\/pages\/1301\/revisions"}],"predecessor-version":[{"id":1324,"href":"http:\/\/www.yoruk.legal\/en\/wp-json\/wp\/v2\/pages\/1301\/revisions\/1324"}],"wp:attachment":[{"href":"http:\/\/www.yoruk.legal\/en\/wp-json\/wp\/v2\/media?parent=1301"}],"curies":[{"name":"wp","href":"https:\/\/api.w.org\/{rel}","templated":true}]}}