{"id":1299,"date":"2019-08-31T13:38:21","date_gmt":"2019-08-31T13:38:21","guid":{"rendered":"http:\/\/yoruk-legal.local\/commercial-criminal-law\/"},"modified":"2024-10-22T13:53:37","modified_gmt":"2024-10-22T13:53:37","slug":"commercial-criminal-law","status":"publish","type":"page","link":"http:\/\/www.yoruk.legal\/en\/commercial-criminal-law\/","title":{"rendered":"Commercial Criminal Law"},"content":{"rendered":"\n<h2 class=\"wp-block-heading\">Commercial Criminal Law<\/h2>\n\n\n\n<p>Especially in the developing and growing world, there are current developments and legislation within the scope of Criminal Law every day on many issues that are evaluated within the scope of criminal law, which individuals and institutions frequently encounter. As a matter of fact, while the crimes committed about the issues that can be counted within the concept of commercial punishment are increasing, the scope of crime and criminal sanction is also expanding. <\/p>\n\n\n\n<p>In this context, we provide our business partners with up-to-date, legislative and effective solutions for theft, fraud, breach of trust, bribery, forgery of documents, embezzlement crimes, as well as unfair competition, banking and tender-related issues that commercial company managers and white-collar employees are likely to face.<\/p>\n","protected":false},"excerpt":{"rendered":"<div class=\"entry-summary\">\n<div class=\"entry-summary\">\nCommercial Criminal Law Especially in the developing and growing world, there are&hellip;\n<\/div>\n<div class=\"link-more\"><a href=\"http:\/\/www.yoruk.legal\/en\/commercial-criminal-law\/\" class=\"more-link\">Continue reading<span class=\"screen-reader-text\"> &ldquo;Commercial Criminal Law&rdquo;<\/span>&hellip;<\/a><\/div>\n<\/div>\n<div class=\"link-more\"><a href=\"http:\/\/www.yoruk.legal\/en\/commercial-criminal-law\/\" class=\"more-link\">Continue reading<span class=\"screen-reader-text\"> &ldquo;Commercial Criminal Law&rdquo;<\/span>&hellip;<\/a><\/div>\n","protected":false},"author":1,"featured_media":0,"parent":0,"menu_order":0,"comment_status":"closed","ping_status":"closed","template":"","meta":{"footnotes":""},"class_list":["post-1299","page","type-page","status-publish","hentry","entry"],"yoast_head":"<!-- This site is optimized with the Yoast SEO plugin v27.4 - https:\/\/yoast.com\/product\/yoast-seo-wordpress\/ -->\n<title>Commercial Criminal Law - Y\u00f6r\u00fck Hukuk B\u00fcrosu<\/title>\n<meta name=\"description\" content=\"We provide effective solutions in accordance with the legislation on theft, fraud, breach of trust, bribery, forgery of documents, embezzlement crimes, etc.\" \/>\n<meta name=\"robots\" content=\"index, follow, max-snippet:-1, max-image-preview:large, max-video-preview:-1\" \/>\n<link rel=\"canonical\" href=\"http:\/\/www.yoruk.legal\/en\/commercial-criminal-law\/\" \/>\n<meta property=\"og:locale\" content=\"en_US\" \/>\n<meta property=\"og:type\" content=\"article\" \/>\n<meta property=\"og:title\" content=\"Commercial Criminal Law - Y\u00f6r\u00fck Hukuk B\u00fcrosu\" \/>\n<meta property=\"og:description\" content=\"We provide effective solutions in accordance with the legislation on theft, fraud, breach of trust, bribery, forgery of documents, embezzlement crimes, etc.\" \/>\n<meta property=\"og:url\" content=\"http:\/\/www.yoruk.legal\/en\/commercial-criminal-law\/\" \/>\n<meta property=\"og:site_name\" content=\"Y\u00f6r\u00fck Hukuk B\u00fcrosu\" \/>\n<meta property=\"article:modified_time\" content=\"2024-10-22T13:53:37+00:00\" \/>\n<meta name=\"twitter:card\" content=\"summary_large_image\" \/>\n<meta name=\"twitter:label1\" content=\"Est. reading time\" \/>\n\t<meta name=\"twitter:data1\" content=\"1 minute\" \/>\n<script type=\"application\/ld+json\" class=\"yoast-schema-graph\">{\"@context\":\"https:\\\/\\\/schema.org\",\"@graph\":[{\"@type\":\"WebPage\",\"@id\":\"http:\\\/\\\/www.yoruk.legal\\\/en\\\/commercial-criminal-law\\\/\",\"url\":\"http:\\\/\\\/www.yoruk.legal\\\/en\\\/commercial-criminal-law\\\/\",\"name\":\"Commercial Criminal Law - Y\u00f6r\u00fck Hukuk B\u00fcrosu\",\"isPartOf\":{\"@id\":\"https:\\\/\\\/www.yoruk.legal\\\/en\\\/#website\"},\"datePublished\":\"2019-08-31T13:38:21+00:00\",\"dateModified\":\"2024-10-22T13:53:37+00:00\",\"description\":\"We provide effective solutions in accordance with the legislation on theft, fraud, breach of trust, bribery, forgery of documents, embezzlement crimes, etc.\",\"breadcrumb\":{\"@id\":\"http:\\\/\\\/www.yoruk.legal\\\/en\\\/commercial-criminal-law\\\/#breadcrumb\"},\"inLanguage\":\"en-US\",\"potentialAction\":[{\"@type\":\"ReadAction\",\"target\":[\"http:\\\/\\\/www.yoruk.legal\\\/en\\\/commercial-criminal-law\\\/\"]}]},{\"@type\":\"BreadcrumbList\",\"@id\":\"http:\\\/\\\/www.yoruk.legal\\\/en\\\/commercial-criminal-law\\\/#breadcrumb\",\"itemListElement\":[{\"@type\":\"ListItem\",\"position\":1,\"name\":\"Anasayfa\",\"item\":\"https:\\\/\\\/www.yoruk.legal\\\/en\\\/\"},{\"@type\":\"ListItem\",\"position\":2,\"name\":\"Commercial Criminal Law\"}]},{\"@type\":\"WebSite\",\"@id\":\"https:\\\/\\\/www.yoruk.legal\\\/en\\\/#website\",\"url\":\"https:\\\/\\\/www.yoruk.legal\\\/en\\\/\",\"name\":\"Y\u00f6r\u00fck Hukuk B\u00fcrosu\",\"description\":\"Y\u00f6r\u00fck Hukuk B\u00fcrosu\",\"publisher\":{\"@id\":\"https:\\\/\\\/www.yoruk.legal\\\/en\\\/#organization\"},\"potentialAction\":[{\"@type\":\"SearchAction\",\"target\":{\"@type\":\"EntryPoint\",\"urlTemplate\":\"https:\\\/\\\/www.yoruk.legal\\\/en\\\/?s={search_term_string}\"},\"query-input\":{\"@type\":\"PropertyValueSpecification\",\"valueRequired\":true,\"valueName\":\"search_term_string\"}}],\"inLanguage\":\"en-US\"},{\"@type\":\"Organization\",\"@id\":\"https:\\\/\\\/www.yoruk.legal\\\/en\\\/#organization\",\"name\":\"Y\u00f6r\u00fck Hukuk B\u00fcrosu\",\"url\":\"https:\\\/\\\/www.yoruk.legal\\\/en\\\/\",\"logo\":{\"@type\":\"ImageObject\",\"inLanguage\":\"en-US\",\"@id\":\"https:\\\/\\\/www.yoruk.legal\\\/en\\\/#\\\/schema\\\/logo\\\/image\\\/\",\"url\":\"http:\\\/\\\/www.yoruk.legal\\\/wp-content\\\/uploads\\\/2019\\\/08\\\/logo.png\",\"contentUrl\":\"http:\\\/\\\/www.yoruk.legal\\\/wp-content\\\/uploads\\\/2019\\\/08\\\/logo.png\",\"width\":1966,\"height\":968,\"caption\":\"Y\u00f6r\u00fck Hukuk B\u00fcrosu\"},\"image\":{\"@id\":\"https:\\\/\\\/www.yoruk.legal\\\/en\\\/#\\\/schema\\\/logo\\\/image\\\/\"}}]}<\/script>\n<!-- \/ Yoast SEO plugin. -->","yoast_head_json":{"title":"Commercial Criminal Law - Y\u00f6r\u00fck Hukuk B\u00fcrosu","description":"We provide effective solutions in accordance with the legislation on theft, fraud, breach of trust, bribery, forgery of documents, embezzlement crimes, etc.","robots":{"index":"index","follow":"follow","max-snippet":"max-snippet:-1","max-image-preview":"max-image-preview:large","max-video-preview":"max-video-preview:-1"},"canonical":"http:\/\/www.yoruk.legal\/en\/commercial-criminal-law\/","og_locale":"en_US","og_type":"article","og_title":"Commercial Criminal Law - Y\u00f6r\u00fck Hukuk B\u00fcrosu","og_description":"We provide effective solutions in accordance with the legislation on theft, fraud, breach of trust, bribery, forgery of documents, embezzlement crimes, etc.","og_url":"http:\/\/www.yoruk.legal\/en\/commercial-criminal-law\/","og_site_name":"Y\u00f6r\u00fck Hukuk B\u00fcrosu","article_modified_time":"2024-10-22T13:53:37+00:00","twitter_card":"summary_large_image","twitter_misc":{"Est. reading time":"1 minute"},"schema":{"@context":"https:\/\/schema.org","@graph":[{"@type":"WebPage","@id":"http:\/\/www.yoruk.legal\/en\/commercial-criminal-law\/","url":"http:\/\/www.yoruk.legal\/en\/commercial-criminal-law\/","name":"Commercial Criminal Law - Y\u00f6r\u00fck Hukuk B\u00fcrosu","isPartOf":{"@id":"https:\/\/www.yoruk.legal\/en\/#website"},"datePublished":"2019-08-31T13:38:21+00:00","dateModified":"2024-10-22T13:53:37+00:00","description":"We provide effective solutions in accordance with the legislation on theft, fraud, breach of trust, bribery, forgery of documents, embezzlement crimes, etc.","breadcrumb":{"@id":"http:\/\/www.yoruk.legal\/en\/commercial-criminal-law\/#breadcrumb"},"inLanguage":"en-US","potentialAction":[{"@type":"ReadAction","target":["http:\/\/www.yoruk.legal\/en\/commercial-criminal-law\/"]}]},{"@type":"BreadcrumbList","@id":"http:\/\/www.yoruk.legal\/en\/commercial-criminal-law\/#breadcrumb","itemListElement":[{"@type":"ListItem","position":1,"name":"Anasayfa","item":"https:\/\/www.yoruk.legal\/en\/"},{"@type":"ListItem","position":2,"name":"Commercial Criminal Law"}]},{"@type":"WebSite","@id":"https:\/\/www.yoruk.legal\/en\/#website","url":"https:\/\/www.yoruk.legal\/en\/","name":"Y\u00f6r\u00fck Hukuk B\u00fcrosu","description":"Y\u00f6r\u00fck Hukuk B\u00fcrosu","publisher":{"@id":"https:\/\/www.yoruk.legal\/en\/#organization"},"potentialAction":[{"@type":"SearchAction","target":{"@type":"EntryPoint","urlTemplate":"https:\/\/www.yoruk.legal\/en\/?s={search_term_string}"},"query-input":{"@type":"PropertyValueSpecification","valueRequired":true,"valueName":"search_term_string"}}],"inLanguage":"en-US"},{"@type":"Organization","@id":"https:\/\/www.yoruk.legal\/en\/#organization","name":"Y\u00f6r\u00fck Hukuk B\u00fcrosu","url":"https:\/\/www.yoruk.legal\/en\/","logo":{"@type":"ImageObject","inLanguage":"en-US","@id":"https:\/\/www.yoruk.legal\/en\/#\/schema\/logo\/image\/","url":"http:\/\/www.yoruk.legal\/wp-content\/uploads\/2019\/08\/logo.png","contentUrl":"http:\/\/www.yoruk.legal\/wp-content\/uploads\/2019\/08\/logo.png","width":1966,"height":968,"caption":"Y\u00f6r\u00fck Hukuk B\u00fcrosu"},"image":{"@id":"https:\/\/www.yoruk.legal\/en\/#\/schema\/logo\/image\/"}}]}},"_links":{"self":[{"href":"http:\/\/www.yoruk.legal\/en\/wp-json\/wp\/v2\/pages\/1299","targetHints":{"allow":["GET"]}}],"collection":[{"href":"http:\/\/www.yoruk.legal\/en\/wp-json\/wp\/v2\/pages"}],"about":[{"href":"http:\/\/www.yoruk.legal\/en\/wp-json\/wp\/v2\/types\/page"}],"author":[{"embeddable":true,"href":"http:\/\/www.yoruk.legal\/en\/wp-json\/wp\/v2\/users\/1"}],"replies":[{"embeddable":true,"href":"http:\/\/www.yoruk.legal\/en\/wp-json\/wp\/v2\/comments?post=1299"}],"version-history":[{"count":2,"href":"http:\/\/www.yoruk.legal\/en\/wp-json\/wp\/v2\/pages\/1299\/revisions"}],"predecessor-version":[{"id":1327,"href":"http:\/\/www.yoruk.legal\/en\/wp-json\/wp\/v2\/pages\/1299\/revisions\/1327"}],"wp:attachment":[{"href":"http:\/\/www.yoruk.legal\/en\/wp-json\/wp\/v2\/media?parent=1299"}],"curies":[{"name":"wp","href":"https:\/\/api.w.org\/{rel}","templated":true}]}}