{"id":1287,"date":"2019-08-31T13:56:13","date_gmt":"2019-08-31T13:56:13","guid":{"rendered":"http:\/\/yoruk-legal.local\/energy-and-mining-law\/"},"modified":"2024-10-22T13:27:03","modified_gmt":"2024-10-22T13:27:03","slug":"energy-and-mining-law","status":"publish","type":"page","link":"http:\/\/www.yoruk.legal\/en\/energy-and-mining-law\/","title":{"rendered":"Energy and Mining Law"},"content":{"rendered":"\n<h1>Energy and Mining Law<\/h1>\n\n<p>Y\u00f6r\u00fck Law Office provides legal support to domestic and foreign companies operating in the energy and mining sectors in all processes regulated within the scope of energy and mining legislation, including obtaining the necessary licenses and permits in these areas; provides legal consultancy services on the operation and legislation of various energy projects, especially wind and solar power plants.<\/p>\n\n<p>In energy investment processes, legal support is provided for the follow-up of the processes regarding license and permit applications to be made to EMRA and various public institutions and for the solution of the problems encountered. Decisions taken by the Energy Market Regulatory Authority and the decisions taken by the administrations <\/p>\n\n<p>The Company provides legal consultancy services in various fields such as the follow-up of lawsuits filed against administrative actions, preparation of due diligence reports on the sector in question, preparation of concession agreements, drilling, production and rehabilitation agreements, production sharing agreements, license agreements, project development, project consultancy services and preparation of relevant legal documents, consultancy in negotiations between contractors, subcontractors and suppliers and preparation of relevant contract drafts, follow-up of regulatory and compliance processes.<\/p>\n","protected":false},"excerpt":{"rendered":"<div class=\"entry-summary\">\n<div class=\"entry-summary\">\nEnergy and Mining Law Y\u00f6r\u00fck Law Office provides legal support to domestic&hellip;\n<\/div>\n<div class=\"link-more\"><a href=\"http:\/\/www.yoruk.legal\/en\/energy-and-mining-law\/\" class=\"more-link\">Continue reading<span class=\"screen-reader-text\"> &ldquo;Energy and Mining Law&rdquo;<\/span>&hellip;<\/a><\/div>\n<\/div>\n<div class=\"link-more\"><a href=\"http:\/\/www.yoruk.legal\/en\/energy-and-mining-law\/\" class=\"more-link\">Continue reading<span class=\"screen-reader-text\"> &ldquo;Energy and Mining Law&rdquo;<\/span>&hellip;<\/a><\/div>\n","protected":false},"author":1,"featured_media":0,"parent":0,"menu_order":0,"comment_status":"closed","ping_status":"closed","template":"","meta":{"footnotes":""},"class_list":["post-1287","page","type-page","status-publish","hentry","entry"],"yoast_head":"<!-- This site is optimized with the Yoast SEO plugin v27.4 - https:\/\/yoast.com\/product\/yoast-seo-wordpress\/ -->\n<title>Energy and Mining Law - Y\u00f6r\u00fck Hukuk B\u00fcrosu<\/title>\n<meta name=\"description\" content=\"In energy investment processes, we stand by you in the process of following up the processes regarding license and permit applications to be made to EMRA and various public institutions.\" \/>\n<meta name=\"robots\" content=\"index, follow, max-snippet:-1, max-image-preview:large, max-video-preview:-1\" \/>\n<link rel=\"canonical\" href=\"http:\/\/www.yoruk.legal\/en\/energy-and-mining-law\/\" \/>\n<meta property=\"og:locale\" content=\"en_US\" \/>\n<meta property=\"og:type\" content=\"article\" \/>\n<meta property=\"og:title\" content=\"Energy and Mining Law - Y\u00f6r\u00fck Hukuk B\u00fcrosu\" \/>\n<meta property=\"og:description\" content=\"In energy investment processes, we stand by you in the process of following up the processes regarding license and permit applications to be made to EMRA and various public institutions.\" \/>\n<meta property=\"og:url\" content=\"http:\/\/www.yoruk.legal\/en\/energy-and-mining-law\/\" \/>\n<meta property=\"og:site_name\" content=\"Y\u00f6r\u00fck Hukuk B\u00fcrosu\" \/>\n<meta property=\"article:modified_time\" content=\"2024-10-22T13:27:03+00:00\" \/>\n<meta name=\"twitter:card\" content=\"summary_large_image\" \/>\n<meta name=\"twitter:label1\" content=\"Est. reading time\" \/>\n\t<meta name=\"twitter:data1\" content=\"2 minutes\" \/>\n<script type=\"application\/ld+json\" class=\"yoast-schema-graph\">{\"@context\":\"https:\\\/\\\/schema.org\",\"@graph\":[{\"@type\":\"WebPage\",\"@id\":\"http:\\\/\\\/www.yoruk.legal\\\/en\\\/energy-and-mining-law\\\/\",\"url\":\"http:\\\/\\\/www.yoruk.legal\\\/en\\\/energy-and-mining-law\\\/\",\"name\":\"Energy and Mining Law - Y\u00f6r\u00fck Hukuk B\u00fcrosu\",\"isPartOf\":{\"@id\":\"https:\\\/\\\/www.yoruk.legal\\\/en\\\/#website\"},\"datePublished\":\"2019-08-31T13:56:13+00:00\",\"dateModified\":\"2024-10-22T13:27:03+00:00\",\"description\":\"In energy investment processes, we stand by you in the process of following up the processes regarding license and permit applications to be made to EMRA and various public institutions.\",\"breadcrumb\":{\"@id\":\"http:\\\/\\\/www.yoruk.legal\\\/en\\\/energy-and-mining-law\\\/#breadcrumb\"},\"inLanguage\":\"en-US\",\"potentialAction\":[{\"@type\":\"ReadAction\",\"target\":[\"http:\\\/\\\/www.yoruk.legal\\\/en\\\/energy-and-mining-law\\\/\"]}]},{\"@type\":\"BreadcrumbList\",\"@id\":\"http:\\\/\\\/www.yoruk.legal\\\/en\\\/energy-and-mining-law\\\/#breadcrumb\",\"itemListElement\":[{\"@type\":\"ListItem\",\"position\":1,\"name\":\"Anasayfa\",\"item\":\"https:\\\/\\\/www.yoruk.legal\\\/en\\\/\"},{\"@type\":\"ListItem\",\"position\":2,\"name\":\"Energy and Mining Law\"}]},{\"@type\":\"WebSite\",\"@id\":\"https:\\\/\\\/www.yoruk.legal\\\/en\\\/#website\",\"url\":\"https:\\\/\\\/www.yoruk.legal\\\/en\\\/\",\"name\":\"Y\u00f6r\u00fck Hukuk B\u00fcrosu\",\"description\":\"Y\u00f6r\u00fck Hukuk B\u00fcrosu\",\"publisher\":{\"@id\":\"https:\\\/\\\/www.yoruk.legal\\\/en\\\/#organization\"},\"potentialAction\":[{\"@type\":\"SearchAction\",\"target\":{\"@type\":\"EntryPoint\",\"urlTemplate\":\"https:\\\/\\\/www.yoruk.legal\\\/en\\\/?s={search_term_string}\"},\"query-input\":{\"@type\":\"PropertyValueSpecification\",\"valueRequired\":true,\"valueName\":\"search_term_string\"}}],\"inLanguage\":\"en-US\"},{\"@type\":\"Organization\",\"@id\":\"https:\\\/\\\/www.yoruk.legal\\\/en\\\/#organization\",\"name\":\"Y\u00f6r\u00fck Hukuk B\u00fcrosu\",\"url\":\"https:\\\/\\\/www.yoruk.legal\\\/en\\\/\",\"logo\":{\"@type\":\"ImageObject\",\"inLanguage\":\"en-US\",\"@id\":\"https:\\\/\\\/www.yoruk.legal\\\/en\\\/#\\\/schema\\\/logo\\\/image\\\/\",\"url\":\"http:\\\/\\\/www.yoruk.legal\\\/wp-content\\\/uploads\\\/2019\\\/08\\\/logo.png\",\"contentUrl\":\"http:\\\/\\\/www.yoruk.legal\\\/wp-content\\\/uploads\\\/2019\\\/08\\\/logo.png\",\"width\":1966,\"height\":968,\"caption\":\"Y\u00f6r\u00fck Hukuk B\u00fcrosu\"},\"image\":{\"@id\":\"https:\\\/\\\/www.yoruk.legal\\\/en\\\/#\\\/schema\\\/logo\\\/image\\\/\"}}]}<\/script>\n<!-- \/ Yoast SEO plugin. -->","yoast_head_json":{"title":"Energy and Mining Law - Y\u00f6r\u00fck Hukuk B\u00fcrosu","description":"In energy investment processes, we stand by you in the process of following up the processes regarding license and permit applications to be made to EMRA and various public institutions.","robots":{"index":"index","follow":"follow","max-snippet":"max-snippet:-1","max-image-preview":"max-image-preview:large","max-video-preview":"max-video-preview:-1"},"canonical":"http:\/\/www.yoruk.legal\/en\/energy-and-mining-law\/","og_locale":"en_US","og_type":"article","og_title":"Energy and Mining Law - Y\u00f6r\u00fck Hukuk B\u00fcrosu","og_description":"In energy investment processes, we stand by you in the process of following up the processes regarding license and permit applications to be made to EMRA and various public institutions.","og_url":"http:\/\/www.yoruk.legal\/en\/energy-and-mining-law\/","og_site_name":"Y\u00f6r\u00fck Hukuk B\u00fcrosu","article_modified_time":"2024-10-22T13:27:03+00:00","twitter_card":"summary_large_image","twitter_misc":{"Est. reading time":"2 minutes"},"schema":{"@context":"https:\/\/schema.org","@graph":[{"@type":"WebPage","@id":"http:\/\/www.yoruk.legal\/en\/energy-and-mining-law\/","url":"http:\/\/www.yoruk.legal\/en\/energy-and-mining-law\/","name":"Energy and Mining Law - Y\u00f6r\u00fck Hukuk B\u00fcrosu","isPartOf":{"@id":"https:\/\/www.yoruk.legal\/en\/#website"},"datePublished":"2019-08-31T13:56:13+00:00","dateModified":"2024-10-22T13:27:03+00:00","description":"In energy investment processes, we stand by you in the process of following up the processes regarding license and permit applications to be made to EMRA and various public institutions.","breadcrumb":{"@id":"http:\/\/www.yoruk.legal\/en\/energy-and-mining-law\/#breadcrumb"},"inLanguage":"en-US","potentialAction":[{"@type":"ReadAction","target":["http:\/\/www.yoruk.legal\/en\/energy-and-mining-law\/"]}]},{"@type":"BreadcrumbList","@id":"http:\/\/www.yoruk.legal\/en\/energy-and-mining-law\/#breadcrumb","itemListElement":[{"@type":"ListItem","position":1,"name":"Anasayfa","item":"https:\/\/www.yoruk.legal\/en\/"},{"@type":"ListItem","position":2,"name":"Energy and Mining Law"}]},{"@type":"WebSite","@id":"https:\/\/www.yoruk.legal\/en\/#website","url":"https:\/\/www.yoruk.legal\/en\/","name":"Y\u00f6r\u00fck Hukuk B\u00fcrosu","description":"Y\u00f6r\u00fck Hukuk B\u00fcrosu","publisher":{"@id":"https:\/\/www.yoruk.legal\/en\/#organization"},"potentialAction":[{"@type":"SearchAction","target":{"@type":"EntryPoint","urlTemplate":"https:\/\/www.yoruk.legal\/en\/?s={search_term_string}"},"query-input":{"@type":"PropertyValueSpecification","valueRequired":true,"valueName":"search_term_string"}}],"inLanguage":"en-US"},{"@type":"Organization","@id":"https:\/\/www.yoruk.legal\/en\/#organization","name":"Y\u00f6r\u00fck Hukuk B\u00fcrosu","url":"https:\/\/www.yoruk.legal\/en\/","logo":{"@type":"ImageObject","inLanguage":"en-US","@id":"https:\/\/www.yoruk.legal\/en\/#\/schema\/logo\/image\/","url":"http:\/\/www.yoruk.legal\/wp-content\/uploads\/2019\/08\/logo.png","contentUrl":"http:\/\/www.yoruk.legal\/wp-content\/uploads\/2019\/08\/logo.png","width":1966,"height":968,"caption":"Y\u00f6r\u00fck Hukuk B\u00fcrosu"},"image":{"@id":"https:\/\/www.yoruk.legal\/en\/#\/schema\/logo\/image\/"}}]}},"_links":{"self":[{"href":"http:\/\/www.yoruk.legal\/en\/wp-json\/wp\/v2\/pages\/1287","targetHints":{"allow":["GET"]}}],"collection":[{"href":"http:\/\/www.yoruk.legal\/en\/wp-json\/wp\/v2\/pages"}],"about":[{"href":"http:\/\/www.yoruk.legal\/en\/wp-json\/wp\/v2\/types\/page"}],"author":[{"embeddable":true,"href":"http:\/\/www.yoruk.legal\/en\/wp-json\/wp\/v2\/users\/1"}],"replies":[{"embeddable":true,"href":"http:\/\/www.yoruk.legal\/en\/wp-json\/wp\/v2\/comments?post=1287"}],"version-history":[{"count":1,"href":"http:\/\/www.yoruk.legal\/en\/wp-json\/wp\/v2\/pages\/1287\/revisions"}],"predecessor-version":[{"id":1288,"href":"http:\/\/www.yoruk.legal\/en\/wp-json\/wp\/v2\/pages\/1287\/revisions\/1288"}],"wp:attachment":[{"href":"http:\/\/www.yoruk.legal\/en\/wp-json\/wp\/v2\/media?parent=1287"}],"curies":[{"name":"wp","href":"https:\/\/api.w.org\/{rel}","templated":true}]}}