{"id":1285,"date":"2019-08-31T13:50:28","date_gmt":"2019-08-31T13:50:28","guid":{"rendered":"http:\/\/yoruk-legal.local\/labor-and-social-security-law\/"},"modified":"2024-10-22T13:26:00","modified_gmt":"2024-10-22T13:26:00","slug":"labor-and-social-security-law","status":"publish","type":"page","link":"http:\/\/www.yoruk.legal\/en\/labor-and-social-security-law\/","title":{"rendered":"Labor and Social Security Law"},"content":{"rendered":"\n<h1>Labor and Social Security Law<\/h1>\n\n<p>In the fields of individual and collective labor law, occupational health and safety law, social security law and immigration law, we are competent to provide legal consultancy services to institutions ranging from companies to associations and non-governmental organizations on all matters related to labor law. In this context, in accordance with the cultural sensitivity of the work, we provide practical and realistic legal advice to institutions and organizations in accordance with all laws and complex secondary legislation, and provide consultancy services tailored to the specific needs of working groups on disputes, individual and collective labor agreements. <\/p>\n\n<p>Our practice covers all areas of labor law, in particular drafting and negotiating employment contracts, representing and advising on foreign employees, employees&#8217; obligations of loyalty, confidentiality and non-competition, liability for work accidents, recourse claims, labor claims, severance and notice pay.<\/p>\n\n<p>We advise on employment security and termination issues, and provide consultancy and representation services on various matters, including business reorganization and restructuring, termination and litigation management and follow-up, drafting of release agreements and collective bargaining negotiations.<\/p>\n\n<p>We represent and defend both employer companies and their senior executives in all types of labor law disputes, both in settlement negotiations and in judicial proceedings.<\/p>\n\n<p>Services in the field of Labor Law:<\/p>\n\n<p>&#8211; Review and amendment of company workplace regulations\/policies<\/p>\n\n<p>&#8211; Review and amendment of contracts<\/p>\n\n<p>&#8211; Drafting and modification of rescission agreements<\/p>\n\n<p>&#8211; Providing consultancy services on collective bargaining negotiations and relations with trade unions<\/p>\n\n<p>&#8211; Rescission agreements, risk assessments for termination of employment contract<\/p>\n\n<p>&#8211; Dispute resolution, including litigation and mediation<\/p>\n\n<p>&#8211; Employee benefits and compensation<\/p>\n\n<p>&#8211; Issues related to the prevention of discrimination<\/p>\n\n<p>&#8211; Issues related to occupational health and safety law<\/p>\n\n<p>&#8211; Issues related to social security law<\/p>\n\n<p>&#8211; Drafting and negotiating labor contracts and internal regulations<\/p>\n\n<p>&#8211; Employees&#8217; obligations of loyalty, confidentiality and non-competition, employees&#8217; intellectual property rights and inventions, protection of personal data<\/p>\n\n<p>&#8211; Termination process, performance management, business restructuring, lawsuits related to mass layoffs<\/p>\n\n<p>&#8211; Within the scope of work accidents; deprivation of support, material and moral compensation cases<\/p>\n\n<p>&#8211; SSI recourse cases<\/p>\n","protected":false},"excerpt":{"rendered":"<div class=\"entry-summary\">\n<div class=\"entry-summary\">\nLabor and Social Security Law In the fields of individual and collective&hellip;\n<\/div>\n<div class=\"link-more\"><a href=\"http:\/\/www.yoruk.legal\/en\/labor-and-social-security-law\/\" class=\"more-link\">Continue reading<span class=\"screen-reader-text\"> &ldquo;Labor and Social Security Law&rdquo;<\/span>&hellip;<\/a><\/div>\n<\/div>\n<div class=\"link-more\"><a href=\"http:\/\/www.yoruk.legal\/en\/labor-and-social-security-law\/\" class=\"more-link\">Continue reading<span class=\"screen-reader-text\"> &ldquo;Labor and Social Security Law&rdquo;<\/span>&hellip;<\/a><\/div>\n","protected":false},"author":1,"featured_media":0,"parent":0,"menu_order":0,"comment_status":"closed","ping_status":"closed","template":"","meta":{"footnotes":""},"class_list":["post-1285","page","type-page","status-publish","hentry","entry"],"yoast_head":"<!-- This site is optimized with the Yoast SEO plugin v27.4 - https:\/\/yoast.com\/product\/yoast-seo-wordpress\/ -->\n<title>Labor and Social Security Law - Y\u00f6r\u00fck Hukuk B\u00fcrosu<\/title>\n<meta name=\"description\" content=\"Advisory services tailored to the specific needs of working groups on disputes, individual and collective labor agreements.\" \/>\n<meta name=\"robots\" content=\"index, follow, max-snippet:-1, max-image-preview:large, max-video-preview:-1\" \/>\n<link rel=\"canonical\" href=\"http:\/\/www.yoruk.legal\/en\/labor-and-social-security-law\/\" \/>\n<meta property=\"og:locale\" content=\"en_US\" \/>\n<meta property=\"og:type\" content=\"article\" \/>\n<meta property=\"og:title\" content=\"Labor and Social Security Law - Y\u00f6r\u00fck Hukuk B\u00fcrosu\" \/>\n<meta property=\"og:description\" content=\"Advisory services tailored to the specific needs of working groups on disputes, individual and collective labor agreements.\" \/>\n<meta property=\"og:url\" content=\"http:\/\/www.yoruk.legal\/en\/labor-and-social-security-law\/\" \/>\n<meta property=\"og:site_name\" content=\"Y\u00f6r\u00fck Hukuk B\u00fcrosu\" \/>\n<meta property=\"article:modified_time\" content=\"2024-10-22T13:26:00+00:00\" \/>\n<meta name=\"twitter:card\" content=\"summary_large_image\" \/>\n<script type=\"application\/ld+json\" class=\"yoast-schema-graph\">{\"@context\":\"https:\\\/\\\/schema.org\",\"@graph\":[{\"@type\":\"WebPage\",\"@id\":\"http:\\\/\\\/www.yoruk.legal\\\/en\\\/labor-and-social-security-law\\\/\",\"url\":\"http:\\\/\\\/www.yoruk.legal\\\/en\\\/labor-and-social-security-law\\\/\",\"name\":\"Labor and Social Security Law - Y\u00f6r\u00fck Hukuk B\u00fcrosu\",\"isPartOf\":{\"@id\":\"https:\\\/\\\/www.yoruk.legal\\\/en\\\/#website\"},\"datePublished\":\"2019-08-31T13:50:28+00:00\",\"dateModified\":\"2024-10-22T13:26:00+00:00\",\"description\":\"Advisory services tailored to the specific needs of working groups on disputes, individual and collective labor agreements.\",\"breadcrumb\":{\"@id\":\"http:\\\/\\\/www.yoruk.legal\\\/en\\\/labor-and-social-security-law\\\/#breadcrumb\"},\"inLanguage\":\"en-US\",\"potentialAction\":[{\"@type\":\"ReadAction\",\"target\":[\"http:\\\/\\\/www.yoruk.legal\\\/en\\\/labor-and-social-security-law\\\/\"]}]},{\"@type\":\"BreadcrumbList\",\"@id\":\"http:\\\/\\\/www.yoruk.legal\\\/en\\\/labor-and-social-security-law\\\/#breadcrumb\",\"itemListElement\":[{\"@type\":\"ListItem\",\"position\":1,\"name\":\"Anasayfa\",\"item\":\"https:\\\/\\\/www.yoruk.legal\\\/en\\\/\"},{\"@type\":\"ListItem\",\"position\":2,\"name\":\"Labor and Social Security Law\"}]},{\"@type\":\"WebSite\",\"@id\":\"https:\\\/\\\/www.yoruk.legal\\\/en\\\/#website\",\"url\":\"https:\\\/\\\/www.yoruk.legal\\\/en\\\/\",\"name\":\"Y\u00f6r\u00fck Hukuk B\u00fcrosu\",\"description\":\"Y\u00f6r\u00fck Hukuk B\u00fcrosu\",\"publisher\":{\"@id\":\"https:\\\/\\\/www.yoruk.legal\\\/en\\\/#organization\"},\"potentialAction\":[{\"@type\":\"SearchAction\",\"target\":{\"@type\":\"EntryPoint\",\"urlTemplate\":\"https:\\\/\\\/www.yoruk.legal\\\/en\\\/?s={search_term_string}\"},\"query-input\":{\"@type\":\"PropertyValueSpecification\",\"valueRequired\":true,\"valueName\":\"search_term_string\"}}],\"inLanguage\":\"en-US\"},{\"@type\":\"Organization\",\"@id\":\"https:\\\/\\\/www.yoruk.legal\\\/en\\\/#organization\",\"name\":\"Y\u00f6r\u00fck Hukuk B\u00fcrosu\",\"url\":\"https:\\\/\\\/www.yoruk.legal\\\/en\\\/\",\"logo\":{\"@type\":\"ImageObject\",\"inLanguage\":\"en-US\",\"@id\":\"https:\\\/\\\/www.yoruk.legal\\\/en\\\/#\\\/schema\\\/logo\\\/image\\\/\",\"url\":\"http:\\\/\\\/www.yoruk.legal\\\/wp-content\\\/uploads\\\/2019\\\/08\\\/logo.png\",\"contentUrl\":\"http:\\\/\\\/www.yoruk.legal\\\/wp-content\\\/uploads\\\/2019\\\/08\\\/logo.png\",\"width\":1966,\"height\":968,\"caption\":\"Y\u00f6r\u00fck Hukuk B\u00fcrosu\"},\"image\":{\"@id\":\"https:\\\/\\\/www.yoruk.legal\\\/en\\\/#\\\/schema\\\/logo\\\/image\\\/\"}}]}<\/script>\n<!-- \/ Yoast SEO plugin. -->","yoast_head_json":{"title":"Labor and Social Security Law - Y\u00f6r\u00fck Hukuk B\u00fcrosu","description":"Advisory services tailored to the specific needs of working groups on disputes, individual and collective labor agreements.","robots":{"index":"index","follow":"follow","max-snippet":"max-snippet:-1","max-image-preview":"max-image-preview:large","max-video-preview":"max-video-preview:-1"},"canonical":"http:\/\/www.yoruk.legal\/en\/labor-and-social-security-law\/","og_locale":"en_US","og_type":"article","og_title":"Labor and Social Security Law - Y\u00f6r\u00fck Hukuk B\u00fcrosu","og_description":"Advisory services tailored to the specific needs of working groups on disputes, individual and collective labor agreements.","og_url":"http:\/\/www.yoruk.legal\/en\/labor-and-social-security-law\/","og_site_name":"Y\u00f6r\u00fck Hukuk B\u00fcrosu","article_modified_time":"2024-10-22T13:26:00+00:00","twitter_card":"summary_large_image","schema":{"@context":"https:\/\/schema.org","@graph":[{"@type":"WebPage","@id":"http:\/\/www.yoruk.legal\/en\/labor-and-social-security-law\/","url":"http:\/\/www.yoruk.legal\/en\/labor-and-social-security-law\/","name":"Labor and Social Security Law - Y\u00f6r\u00fck Hukuk B\u00fcrosu","isPartOf":{"@id":"https:\/\/www.yoruk.legal\/en\/#website"},"datePublished":"2019-08-31T13:50:28+00:00","dateModified":"2024-10-22T13:26:00+00:00","description":"Advisory services tailored to the specific needs of working groups on disputes, individual and collective labor agreements.","breadcrumb":{"@id":"http:\/\/www.yoruk.legal\/en\/labor-and-social-security-law\/#breadcrumb"},"inLanguage":"en-US","potentialAction":[{"@type":"ReadAction","target":["http:\/\/www.yoruk.legal\/en\/labor-and-social-security-law\/"]}]},{"@type":"BreadcrumbList","@id":"http:\/\/www.yoruk.legal\/en\/labor-and-social-security-law\/#breadcrumb","itemListElement":[{"@type":"ListItem","position":1,"name":"Anasayfa","item":"https:\/\/www.yoruk.legal\/en\/"},{"@type":"ListItem","position":2,"name":"Labor and Social Security Law"}]},{"@type":"WebSite","@id":"https:\/\/www.yoruk.legal\/en\/#website","url":"https:\/\/www.yoruk.legal\/en\/","name":"Y\u00f6r\u00fck Hukuk B\u00fcrosu","description":"Y\u00f6r\u00fck Hukuk B\u00fcrosu","publisher":{"@id":"https:\/\/www.yoruk.legal\/en\/#organization"},"potentialAction":[{"@type":"SearchAction","target":{"@type":"EntryPoint","urlTemplate":"https:\/\/www.yoruk.legal\/en\/?s={search_term_string}"},"query-input":{"@type":"PropertyValueSpecification","valueRequired":true,"valueName":"search_term_string"}}],"inLanguage":"en-US"},{"@type":"Organization","@id":"https:\/\/www.yoruk.legal\/en\/#organization","name":"Y\u00f6r\u00fck Hukuk B\u00fcrosu","url":"https:\/\/www.yoruk.legal\/en\/","logo":{"@type":"ImageObject","inLanguage":"en-US","@id":"https:\/\/www.yoruk.legal\/en\/#\/schema\/logo\/image\/","url":"http:\/\/www.yoruk.legal\/wp-content\/uploads\/2019\/08\/logo.png","contentUrl":"http:\/\/www.yoruk.legal\/wp-content\/uploads\/2019\/08\/logo.png","width":1966,"height":968,"caption":"Y\u00f6r\u00fck Hukuk B\u00fcrosu"},"image":{"@id":"https:\/\/www.yoruk.legal\/en\/#\/schema\/logo\/image\/"}}]}},"_links":{"self":[{"href":"http:\/\/www.yoruk.legal\/en\/wp-json\/wp\/v2\/pages\/1285","targetHints":{"allow":["GET"]}}],"collection":[{"href":"http:\/\/www.yoruk.legal\/en\/wp-json\/wp\/v2\/pages"}],"about":[{"href":"http:\/\/www.yoruk.legal\/en\/wp-json\/wp\/v2\/types\/page"}],"author":[{"embeddable":true,"href":"http:\/\/www.yoruk.legal\/en\/wp-json\/wp\/v2\/users\/1"}],"replies":[{"embeddable":true,"href":"http:\/\/www.yoruk.legal\/en\/wp-json\/wp\/v2\/comments?post=1285"}],"version-history":[{"count":1,"href":"http:\/\/www.yoruk.legal\/en\/wp-json\/wp\/v2\/pages\/1285\/revisions"}],"predecessor-version":[{"id":1286,"href":"http:\/\/www.yoruk.legal\/en\/wp-json\/wp\/v2\/pages\/1285\/revisions\/1286"}],"wp:attachment":[{"href":"http:\/\/www.yoruk.legal\/en\/wp-json\/wp\/v2\/media?parent=1285"}],"curies":[{"name":"wp","href":"https:\/\/api.w.org\/{rel}","templated":true}]}}